{"id":948,"date":"2022-07-15T15:50:46","date_gmt":"2022-07-15T13:50:46","guid":{"rendered":"https:\/\/kunst-energie-regenbogen.de\/shop\/?post_type=product&#038;p=948"},"modified":"2024-05-26T18:53:26","modified_gmt":"2024-05-26T16:53:26","slug":"2-monats-kurs","status":"publish","type":"product","link":"https:\/\/kunst-energie-regenbogen.de\/shop\/produkt\/2-monats-kurs\/","title":{"rendered":"2 Monats-Kurs  \u201eEin erf\u00fclltes vitales Leben in Leichtigkeit\u201c"},"content":{"rendered":"<p align=\"center\"><span style=\"color: #333333;\"><span style=\"font-size: medium;\">Erkenne dein Potenzial, erweitere es und setzte es erfolgreich ein:<\/span><\/span><\/p>\n<p align=\"center\"><span style=\"color: #333333;\"><span style=\"font-size: medium;\"><b>Im Bereich Familie<\/b><\/span><\/span><span style=\"color: #333333;\"><span style=\"font-size: medium;\"> \u2013 Beziehung, Kinder, Verwandtschaft, Freunde, \u2026<br \/>\n<\/span><\/span><span style=\"color: #333333;\"><span style=\"font-size: medium;\"><b>Im Bereich Beruf<\/b><\/span><\/span><span style=\"color: #333333;\"><span style=\"font-size: medium;\"> \u2013 Sinn und Zweck, Vision, Karriere, Einkommen \u2026<br \/>\n<\/span><\/span><span style=\"color: #333333;\"><span style=\"font-size: medium;\"><b>Im Bereich Freizeit<\/b><\/span><\/span><span style=\"color: #333333;\"><span style=\"font-size: medium;\"> \u2013 Freude, Gesundheit, Ausgleich, \u2026 <\/span><\/span><\/p>\n<p align=\"center\"><span style=\"color: #333333;\"><span style=\"font-size: medium;\">Hattest du schon mal Dramen?<br \/>\n<\/span><\/span><span style=\"font-size: medium;\">Bist du gerade in einem Drama?<br \/>\n<\/span><span style=\"color: #333333;\"><span style=\"font-size: medium;\">Steht dir gef\u00fchlt ein Drama bevor?<br \/>\n<\/span><\/span><span style=\"font-size: medium;\">Kennst du jemanden ohne erlebtes Drama?<\/span><\/p>\n<p align=\"center\"><span style=\"color: #333333;\"><span style=\"font-size: medium;\">Dramen: Verwirrungen, Verwicklungen, Unstimmigkeiten, D<\/span><\/span><span style=\"color: #333333;\"><span style=\"font-size: medium;\">i<\/span><\/span><span style=\"color: #333333;\"><span style=\"font-size: medium;\">sbalance, Traumata, Ungl\u00fcck, \u2026 <\/span><\/span><\/p>\n<p align=\"center\"><span style=\"color: #333333;\"><span style=\"font-size: medium;\">Was m\u00f6chtest du?<br \/>\n<\/span><\/span><span style=\"color: #333333;\"><span style=\"font-size: medium;\">M\u00f6chtest du<br \/>\n<\/span><\/span><span style=\"font-size: medium;\">ein erf\u00fclltes vitales Leben in Leichtigkeit?<\/span><\/p>\n<p align=\"center\"><span style=\"color: #333333;\"><span style=\"font-size: medium;\">Ein einzigartiges Programm<\/span><\/span><\/p>\n<p align=\"center\"><span style=\"color: #333333;\"><span style=\"font-size: xx-large;\"><b>nur f\u00fcr dich, <\/b><\/span><\/span><\/p>\n<p align=\"center\"><span style=\"color: #333333;\"><span style=\"font-size: medium;\">wobei du da abgeholt wirst, wo du geradestehst,<br \/>\n<\/span><\/span><span style=\"font-size: medium;\">um in pers\u00f6nlicher Unterst\u00fctzung<br \/>\n<\/span><span style=\"color: #333333;\"><span style=\"font-size: medium;\">deinen eigenen Lebensweg<br \/>\n<\/span><\/span><span style=\"font-size: medium;\">erf\u00fcllt, vital und leicht zu gehen.<\/span><\/p>\n<p align=\"center\"><span style=\"color: #333333;\"><span style=\"font-size: large;\"><b>Erlerne die Kunst des Lebens <\/b><\/span><\/span><\/p>\n<p align=\"center\"><span style=\"color: #333333;\">\u201e<span style=\"font-size: x-large;\"><b>Ein erf\u00fclltes vitales Leben in Leichtigkeit\u201c<\/b><\/span><\/span><\/p>\n<p align=\"center\"><span style=\"color: #333333;\"><span style=\"font-size: large;\"><b>im Bewusstsein der Naturprinzipien und der Manifestation.<\/b><\/span><\/span><\/p>\n<p align=\"center\">___________________________________________________________________________________<\/p>\n<p align=\"center\"><span style=\"color: #333333;\"><span style=\"font-size: x-large;\"><b>2 Monats-Kurs-Plan<\/b><\/span><\/span><\/p>\n<p align=\"center\"><span style=\"color: #333333;\">\u201e<span style=\"font-size: x-large;\"><b>Ein erf\u00fclltes vitales Leben in Leichtigkeit\u201c<\/b><\/span><\/span><\/p>\n<p align=\"center\"><span style=\"color: #333333;\"><span style=\"font-size: medium;\"><b>Pers\u00f6nlich abgestimmtes Programm \u2013 Effiziente Essenz in kurzer Zeit<br \/>\n<\/b><\/span><\/span>\u2013 <span style=\"font-size: medium;\"><b>Zeitraum 2 Monate \u2013 Start jederzeit m\u00f6glich \u2013 Termine werden individuell abgestimmt<br \/>\n\u2013 2 x w\u00f6chentlich Einzelcoaching \u2013<\/b><\/span><\/p>\n<p align=\"center\"><span style=\"color: #333333;\"><span style=\"font-size: medium;\"><b>incl. Bonus mit Energie-Methoden und Energie-Heilungs-Frequenz<\/b><\/span><\/span><\/p>\n<ul>\n<li><span style=\"color: #333333;\"><span style=\"font-size: medium;\">Nutze den Workshop in der pers\u00f6nlichen Betreuung mit vielen energetischen \u00dcbungen, Meditationen und L\u00f6sungsimpulsen in der effizienten Essenz. <\/span><\/span><\/li>\n<li><span style=\"color: #333333;\"><span style=\"font-size: medium;\">Sei dabei, Spezial Zoom-Meetings oder Telefonate \u00fcber die Kunst des Manifestierens.<\/span><\/span><\/li>\n<li><span style=\"color: #333333;\"><span style=\"font-size: medium;\">Erfahre dein Bewusstsein der Naturprinzipien und lerne die Manifestation, um diese in den Alltag einzubinden.<\/span><\/span><\/li>\n<li><span style=\"color: #333333;\"><span style=\"font-size: medium;\">Erlerne, wie du deine Resonanzfelder f\u00fcr F\u00fclle in allen Bereichen, wie Familie, Freunde, Beruf, Freizeit und f\u00fcr Geldf\u00fclle anlegst, um das Gl\u00fcck in allen Bereichen zu empfangen.<\/span><\/span><\/li>\n<li><span style=\"color: #333333;\"><span style=\"font-size: medium;\">Sprenge deine Grenzen und erlebe die Einweisung in die Energie-Methoden.<\/span><\/span><\/li>\n<li><span style=\"color: #333333;\"><span style=\"font-size: medium;\">Begebe dich auf Imagin\u00e4re Reisen mit R\u00fcckf\u00fchrung und Anbindung an die innere Weisheit zur Bewusstseinserkennung und Freisetzung deines Potenzials. <\/span><\/span><\/li>\n<li><span style=\"color: #333333;\"><span style=\"font-size: medium;\">Erfahre die Aufl\u00f6sung s\u00e4mtlicher Glaubenss\u00e4tze, Blockaden und Geldblockaden sowie Einweihungen, Gel\u00fcbde, Schw\u00fcre und B\u00e4nder. <\/span><\/span><\/li>\n<li><span style=\"color: #333333;\"><span style=\"font-size: medium;\">Genie\u00dfe dein pers\u00f6nlich abgestimmtes Programm und die w\u00f6chentlichen pers\u00f6nlichen Besprechungen.<\/span><\/span><\/li>\n<li><span style=\"color: #333333;\"><span style=\"font-size: medium;\">Sp\u00fcre die Spezial-Anbindung an deine F\u00fclle-Frequenz und Hohe-Energie-Schwingung.<\/span><\/span><\/li>\n<li><span style=\"color: #333333;\"><span style=\"font-size: medium;\">Mache dich zum F\u00fclle- und Geld-Magneten und erfahre die geheime Sprache der Naturprinzipien.<\/span><\/span><\/li>\n<li><span style=\"color: #333333;\"><span style=\"font-size: medium;\">Lerne den Zugang zur Quelle mit unbegrenzter Energie und Wissen kennen.<\/span><\/span><\/li>\n<li><span style=\"color: #333333;\"><span style=\"font-size: medium;\">Entdecke deine ureigene Sch\u00f6pferkraft und lerne die Liebes-Magie des Manifestierens kennen.<\/span><\/span><\/li>\n<li><span style=\"color: #333333;\"><span style=\"font-size: medium;\">Erfahre deine Vision und kreiere dir dein Leben, erkenne und erfahre die unbegrenzten M\u00f6glichkeiten, die f\u00fcr dich bereitstehen. <\/span><\/span><\/li>\n<li><span style=\"color: #333333;\"><span style=\"font-size: medium;\">Befreie dich von alten Glaubens- und Denkmustern, die dich vom Erfolg abhalten und aktiviere dein F\u00fclle-Bewusstsein.<\/span><\/span><\/li>\n<li><span style=\"color: #333333;\"><span style=\"font-size: medium;\">Entdecke die Verhinderer deines Gl\u00fccks, l\u00f6se sie ab und erf\u00fclle dich mit Gl\u00fcckseligkeit.<\/span><\/span><\/li>\n<li><span style=\"color: #333333;\"><span style=\"font-size: medium;\">Verbinde dich mit der g\u00f6ttlichen Ursprungs-Energie, erlaube dir dein Gl\u00fcck und aktiviere die beste Version deines Lebens.<\/span><\/span><\/li>\n<li><span style=\"color: #333333;\"><span style=\"font-size: medium;\">Nutze dein Erlerntes und heile dich und andere im inneren Frieden. <\/span><\/span><\/li>\n<li><span style=\"color: #333333;\"><span style=\"font-size: medium;\">Trage gerne die Energie der Liebe und den Frieden in die Welt.<\/span><\/span><\/li>\n<\/ul>\n<ul>\n<li><span style=\"color: #333333;\"><span style=\"font-size: medium;\">Nach dem Kurs hast du alles, was du ben\u00f6tigst um selbst ein erf\u00fclltes vitales Leben in Leichtigkeit zu leben. Du kannst dein erlerntes Wissen in der Anwendung f\u00fcr jeden zug\u00e4nglich machen und es weitertragen. Du kannst dir zum Wohle aller einen selbstst\u00e4ndigen Erwerb in Freude und Leichtigkeit aufbauen, um allen Menschen die Kunst des Lebens \u201eEin erf\u00fclltes vitales Leben in Leichtigkeit\u201c zu erm\u00f6glichen<\/span><\/span><\/li>\n<\/ul>\n<h6 align=\"center\"><span style=\"color: #6a6b6c;\"><span style=\"font-size: medium;\">Zahl 2 steht f\u00fcr Sensitivit\u00e4t und ausgepr\u00e4gte Intuition im Erfolg. 4&#215;2=8, Zahl 8 steht f\u00fcr Gleichgewicht und Gerechtigkeitssinn. Die liegende 8 ist das Symbol f\u00fcr Unendlichkeit. <\/span><\/span><\/h6>\n<h6 align=\"center\"><span style=\"color: #6a6b6c;\"><span style=\"font-size: medium;\">Begib dich in dein wahres unbegrenztes Potenzial deines Selbst. Gib deinem Leben die Balance und deinem Umfeld Harmonie, erschaffe gewinnbringende F\u00fclle und Erfolg in allen Bereichen deines Lebens. Unbezahlbar. Oder?<\/span><\/span><\/h6>\n","protected":false},"excerpt":{"rendered":"<p style=\"text-align: left;\" align=\"center\">F\u00fchrung in deine Erf\u00fcllung, Vitalit\u00e4t und Leichtigkeit. Starttermin wird individuell vereinbart.<\/p>\n","protected":false},"featured_media":949,"template":"","meta":[],"product_brand":[],"product_cat":[52],"product_tag":[],"class_list":{"0":"post-948","1":"product","2":"type-product","3":"status-publish","4":"has-post-thumbnail","6":"product_cat-energie-coaching","8":"first","9":"instock","10":"shipping-taxable","11":"purchasable","12":"product-type-simple"},"jetpack_sharing_enabled":true,"_links":{"self":[{"href":"https:\/\/kunst-energie-regenbogen.de\/shop\/wp-json\/wp\/v2\/product\/948","targetHints":{"allow":["GET"]}}],"collection":[{"href":"https:\/\/kunst-energie-regenbogen.de\/shop\/wp-json\/wp\/v2\/product"}],"about":[{"href":"https:\/\/kunst-energie-regenbogen.de\/shop\/wp-json\/wp\/v2\/types\/product"}],"wp:featuredmedia":[{"embeddable":true,"href":"https:\/\/kunst-energie-regenbogen.de\/shop\/wp-json\/wp\/v2\/media\/949"}],"wp:attachment":[{"href":"https:\/\/kunst-energie-regenbogen.de\/shop\/wp-json\/wp\/v2\/media?parent=948"}],"wp:term":[{"taxonomy":"product_brand","embeddable":true,"href":"https:\/\/kunst-energie-regenbogen.de\/shop\/wp-json\/wp\/v2\/product_brand?post=948"},{"taxonomy":"product_cat","embeddable":true,"href":"https:\/\/kunst-energie-regenbogen.de\/shop\/wp-json\/wp\/v2\/product_cat?post=948"},{"taxonomy":"product_tag","embeddable":true,"href":"https:\/\/kunst-energie-regenbogen.de\/shop\/wp-json\/wp\/v2\/product_tag?post=948"}],"curies":[{"name":"wp","href":"https:\/\/api.w.org\/{rel}","templated":true}]}}