{"id":929,"date":"2022-03-26T13:20:59","date_gmt":"2022-03-26T12:20:59","guid":{"rendered":"https:\/\/kunst-energie-regenbogen.de\/shop\/?post_type=product&#038;p=929"},"modified":"2026-02-26T21:18:02","modified_gmt":"2026-02-26T20:18:02","slug":"buch-fuelle-statt-mangel","status":"publish","type":"product","link":"https:\/\/kunst-energie-regenbogen.de\/shop\/produkt\/buch-fuelle-statt-mangel\/","title":{"rendered":"Bewusstseinserweiterungs-Energie-Buch: F\u00fclle statt Mangel"},"content":{"rendered":"<h3><strong>\u201eF\u00fclle statt Mangel \u2013 Ein erf\u00fclltes vitales Leben in Leichtigkeit\u201c<\/strong><\/h3>\n<p>Das Bewusstseinserweiterungs-Energie-Buch wurde zum Wohle Aller geschrieben. Es geht um den Sinn und Zweck des Lebens in der Entscheidung f\u00fcr F\u00fclle anstatt f\u00fcr Mangel. Das Thema \u201eF\u00fclle statt Mangel\u201c ist strukturiert in 3 Energie-Themenbereiche mit jeweils 7 Energie-Kapiteln, um in der effektiven Essenz der 21 Energie-Kapitel die F\u00fclle im Leben zu erfahren. Aus den energetischen Impulsen k\u00f6nnen die entwicklungsf\u00f6rdernden Informationen erfasst und die daraus resultierenden heilenden Inhalte manifestiert werden. Im Buch geht es um die Lebenskunst und die Energie, die im Leben im engen Zusammenhang zu betrachten sind, weil das eine Symbiose zweier Aspekte ist, die sich gegenseitig erg\u00e4nzen und uns in unserer lebenslangen Jugendlichkeit und Vitalit\u00e4t f\u00f6rdern. Das analytische, kreativ in Bildersprache geschriebene Buch, dient dem energetischen Aufladen des Lesers, aus seinem eigenen inneren Selbst heraus. Wie das gesamte Seele\/Geist\/K\u00f6rper-System energetisiert und damit die lebenslange Vitalit\u00e4t erh\u00f6ht wird, wird im Buch aufgezeigt und erl\u00e4utert. Der Ursprung eines gl\u00fccklichen Lebens entspringt der geschaffenen Lebensf\u00fclle. F\u00fclle unterst\u00fctzend sind die Impulse, um aus dem Mangel heraus zu gelangen und anstatt dessen, in die F\u00fclle hinein zu gelangen. F\u00fcllte statt Mangel &#8211; Ein erf\u00fclltes vitales Leben in Leichtigkeit\u201c ist \u00fcber die M\u00f6glichkeiten geschrieben, die sich uns bieten, unser Leben mit guten kreativen Lebensgedanken und guten Lebenshandlungen selbst zu bestimmen und bietet in der Bewusstseinserweiterung die M\u00f6glichkeit, sich mit seinem eigenen inneren Potenzial zu besch\u00e4ftigen. Spielerisch und in Leichtigkeit wird die pers\u00f6nliche Energie und Erf\u00fcllung entdeckt, gef\u00f6rdert und erh\u00f6ht. Zur Vertiefung der verschiedenen Energie-Kapitel kann sich in weiteren Wissensdarbietungen der Autorin, die als Coach unterst\u00fctzend wirkt, erkundigt werden.<\/p>\n<p>Taschenbuch<br \/>\n15 x 21cm<\/p>\n","protected":false},"excerpt":{"rendered":"<p>Taschenbuch &#8222;F\u00fclle statt Mangel &#8211; Ein erf\u00fclltes vitales Leben in Leichtigkeit&#8220;<br \/>\nFormat: 15 x 21 cm<\/p>\n<div id=\"malwarebytes-root\"><\/div>\n","protected":false},"featured_media":930,"template":"","meta":[],"product_brand":[],"product_cat":[71,44],"product_tag":[],"class_list":{"0":"post-929","1":"product","2":"type-product","3":"status-publish","4":"has-post-thumbnail","6":"product_cat-buecher","7":"product_cat-petra-wenski-haenisch","8":"product_shipping_class-versandklein","10":"first","11":"instock","12":"shipping-taxable","13":"purchasable","14":"product-type-simple"},"jetpack_sharing_enabled":true,"_links":{"self":[{"href":"https:\/\/kunst-energie-regenbogen.de\/shop\/wp-json\/wp\/v2\/product\/929","targetHints":{"allow":["GET"]}}],"collection":[{"href":"https:\/\/kunst-energie-regenbogen.de\/shop\/wp-json\/wp\/v2\/product"}],"about":[{"href":"https:\/\/kunst-energie-regenbogen.de\/shop\/wp-json\/wp\/v2\/types\/product"}],"wp:featuredmedia":[{"embeddable":true,"href":"https:\/\/kunst-energie-regenbogen.de\/shop\/wp-json\/wp\/v2\/media\/930"}],"wp:attachment":[{"href":"https:\/\/kunst-energie-regenbogen.de\/shop\/wp-json\/wp\/v2\/media?parent=929"}],"wp:term":[{"taxonomy":"product_brand","embeddable":true,"href":"https:\/\/kunst-energie-regenbogen.de\/shop\/wp-json\/wp\/v2\/product_brand?post=929"},{"taxonomy":"product_cat","embeddable":true,"href":"https:\/\/kunst-energie-regenbogen.de\/shop\/wp-json\/wp\/v2\/product_cat?post=929"},{"taxonomy":"product_tag","embeddable":true,"href":"https:\/\/kunst-energie-regenbogen.de\/shop\/wp-json\/wp\/v2\/product_tag?post=929"}],"curies":[{"name":"wp","href":"https:\/\/api.w.org\/{rel}","templated":true}]}}