{"id":913,"date":"2022-03-19T11:10:29","date_gmt":"2022-03-19T10:10:29","guid":{"rendered":"https:\/\/kunst-energie-regenbogen.de\/shop\/?post_type=product&#038;p=913"},"modified":"2024-05-26T18:45:54","modified_gmt":"2024-05-26T16:45:54","slug":"naturprinzipen-und-manifestation","status":"publish","type":"product","link":"https:\/\/kunst-energie-regenbogen.de\/shop\/produkt\/naturprinzipen-und-manifestation\/","title":{"rendered":"7-Tage\/1-Woche-Kurs \u201eIm Bewusstsein der Naturprinzipen und der Manifestation\u201c"},"content":{"rendered":"<p>Dieser Kurs lehrt die Naturprinzipien und vertieft das Bewusstsein der Manifestation. Die Naturprinzipien werden tiefgehend in ihrer Vielseitigkeit und ihren unterschiedlichen Facetten f\u00fcr ein bereicherndes erf\u00fclltes Leben f\u00fcr Seele, Verstand und K\u00f6rper erkl\u00e4rt und studiert. Das gewonnene Bewusstsein aus dem wohlwollenden f\u00fchlen, denken und handeln heraus, verst\u00e4rkt die F\u00fclle im Alltag, die sich in der Manifestation ausdehnt. Das Lernen der Integration des erf\u00fcllten Seins zeigt sich im Alltag. Die gewonnene Bewusstseinserweiterung gepaart mit den Erkenntnissen erweckt das Potenzial der pers\u00f6nlichen Gaben und Visionen. Im Coaching und im gemeinsamen Gespr\u00e4ch 1:1 oder in der Gruppe wird \u00fcber Sinn und Zweck des Lebens und das Erlangen eines erf\u00fcllten Lebens und der Manifestation gesprochen. Zur Manifestations-Unterst\u00fctzung werden Beispiele f\u00fcr eine pers\u00f6nliche Vision im Bereich Beruf, Familie, Fitness und Freizeit gegeben. F\u00fcr weitere Informationen und Termine bitte telefonisch oder per Mail nachfragen.<\/p>\n<p>Kurs-Angebot: 7 Tage \/ 1 Woche, jeweils Freitag bis Freitag, von 19:30 Uhr, ca. 1 Std., Vortrag der Naturprinzipien, Beispiele-Zeit, Frage-Zeit und \u00dcbungs-Aufgaben. 840,- Euro. Incl. Sonderbonus bei einem 1:1 Coaching: Eine Manifestations-Unterst\u00fctzung bei einer pers\u00f6nlichen Vision im Bereich Beruf, Familie, Fitness und Freizeit.<\/p>\n<p>Bonus bei Weiterempfehlung 140,- Euro Erm\u00e4\u00dfigung, wenn durch die Empfehlung zwei Personen zeitgleich am Kurs teilnehmen, dann bezahlt jeder nur 700,- Euro.<\/p>\n<p>Bonus bei Gruppenerm\u00e4\u00dfigung innerhalb einer Buchung von 4 Personen, dann bezahlt jeder nur 350,- Euro.<\/p>\n","protected":false},"excerpt":{"rendered":"<p>In 7 Schritten in deine Balance-Seele\/Geist\/K\u00f6rper und deine Harmonie-Familie\/Beruf\/Freizeit. Starttermin wird individuell vereinbart.<br \/>\nEventuelle Boni bitte im Kommentar beim Bezahlvorgang angeben.<\/p>\n","protected":false},"featured_media":914,"template":"","meta":[],"product_brand":[],"product_cat":[52],"product_tag":[],"class_list":{"0":"post-913","1":"product","2":"type-product","3":"status-publish","4":"has-post-thumbnail","6":"product_cat-energie-coaching","8":"first","9":"instock","10":"virtual","11":"purchasable","12":"product-type-simple"},"jetpack_sharing_enabled":true,"_links":{"self":[{"href":"https:\/\/kunst-energie-regenbogen.de\/shop\/wp-json\/wp\/v2\/product\/913","targetHints":{"allow":["GET"]}}],"collection":[{"href":"https:\/\/kunst-energie-regenbogen.de\/shop\/wp-json\/wp\/v2\/product"}],"about":[{"href":"https:\/\/kunst-energie-regenbogen.de\/shop\/wp-json\/wp\/v2\/types\/product"}],"wp:featuredmedia":[{"embeddable":true,"href":"https:\/\/kunst-energie-regenbogen.de\/shop\/wp-json\/wp\/v2\/media\/914"}],"wp:attachment":[{"href":"https:\/\/kunst-energie-regenbogen.de\/shop\/wp-json\/wp\/v2\/media?parent=913"}],"wp:term":[{"taxonomy":"product_brand","embeddable":true,"href":"https:\/\/kunst-energie-regenbogen.de\/shop\/wp-json\/wp\/v2\/product_brand?post=913"},{"taxonomy":"product_cat","embeddable":true,"href":"https:\/\/kunst-energie-regenbogen.de\/shop\/wp-json\/wp\/v2\/product_cat?post=913"},{"taxonomy":"product_tag","embeddable":true,"href":"https:\/\/kunst-energie-regenbogen.de\/shop\/wp-json\/wp\/v2\/product_tag?post=913"}],"curies":[{"name":"wp","href":"https:\/\/api.w.org\/{rel}","templated":true}]}}