{"id":907,"date":"2022-02-27T19:10:13","date_gmt":"2022-02-27T18:10:13","guid":{"rendered":"https:\/\/kunst-energie-regenbogen.de\/shop\/?post_type=product&#038;p=907"},"modified":"2023-06-04T22:18:34","modified_gmt":"2023-06-04T20:18:34","slug":"bronzeskulptur-im-wachsausschmelzverfahren","status":"publish","type":"product","link":"https:\/\/kunst-energie-regenbogen.de\/shop\/produkt\/bronzeskulptur-im-wachsausschmelzverfahren\/","title":{"rendered":"Akademie: Bronzeskulptur im Wachsausschmelzverfahren"},"content":{"rendered":"<p>Bronzeguss im Wachsausschmelzverfahren<\/p>\n<p>Fertigung von Skulpturen aus Bronze f\u00fcr Drinnen und Drau\u00dfen.<\/p>\n<p>Einzelunterricht oder Kleinstgruppen (max. 3 Personen). Gr\u00f6\u00dfere Gruppen und zus\u00e4tzliche Termine auf Anfrage.<\/p>\n<p>Zuerst findet eine Einweisung in die verschiedenen M\u00f6glichkeiten des Wachsausschmelzverfahrens statt. Dann kann jeder Teilnehmer individuelle Entw\u00fcrfe erarbeiten und f\u00fcr die Umsetzung wird der Schwierigkeitsgrad, die Materialauswahl und die Vorgehensweise mit jedem Einzelnen besprochen. Die Kursleiterin, diplomierte Designerin, steht mit Rat und Tat zu Seite. Die Form wird mit verschiedenen Profi-Wachsen f\u00fcr den Guss modelliert und vorbereitet. Dabei k\u00f6nnen z. B. auch pers\u00f6nliche Schriftbotschaften, Symbole oder Signets eingearbeitet werden.<\/p>\n<p>Der Kurs findet im Atelier in Konstanz statt.<\/p>\n<p>Nach dem Kurstermin werden die Teilnehmer ca. 4 bis 6 Wochen danach informiert, um die fertigen Objekte abzuholen. Auf Wunsch k\u00f6nnen diese auch mit der Post zugeschickt werden.<\/p>\n<p>Die Gu\u00df- und Materialkosten richten sich nach der Gr\u00f6\u00dfe, der Materialart und der Schwierigkeit des Objektes und werden im Kurs abgerechnet.<\/p>\n<p>Termine:<br \/>\nTermine gerne auf Anfrage individuell vereinbar<\/p>\n","protected":false},"excerpt":{"rendered":"<p>Bronzeguss im Wachsausschmelzverfahren<br \/>\n2-Tages Kurs<br \/>\nWunschtermin bitte beim Bezahlprozess im Kommentar eingeben.<\/p>\n","protected":false},"featured_media":908,"template":"","meta":[],"product_brand":[],"product_cat":[51,44],"product_tag":[],"class_list":{"0":"post-907","1":"product","2":"type-product","3":"status-publish","4":"has-post-thumbnail","6":"product_cat-workshop","7":"product_cat-petra-wenski-haenisch","9":"first","10":"instock","11":"shipping-taxable","12":"purchasable","13":"product-type-simple"},"jetpack_sharing_enabled":true,"_links":{"self":[{"href":"https:\/\/kunst-energie-regenbogen.de\/shop\/wp-json\/wp\/v2\/product\/907","targetHints":{"allow":["GET"]}}],"collection":[{"href":"https:\/\/kunst-energie-regenbogen.de\/shop\/wp-json\/wp\/v2\/product"}],"about":[{"href":"https:\/\/kunst-energie-regenbogen.de\/shop\/wp-json\/wp\/v2\/types\/product"}],"wp:featuredmedia":[{"embeddable":true,"href":"https:\/\/kunst-energie-regenbogen.de\/shop\/wp-json\/wp\/v2\/media\/908"}],"wp:attachment":[{"href":"https:\/\/kunst-energie-regenbogen.de\/shop\/wp-json\/wp\/v2\/media?parent=907"}],"wp:term":[{"taxonomy":"product_brand","embeddable":true,"href":"https:\/\/kunst-energie-regenbogen.de\/shop\/wp-json\/wp\/v2\/product_brand?post=907"},{"taxonomy":"product_cat","embeddable":true,"href":"https:\/\/kunst-energie-regenbogen.de\/shop\/wp-json\/wp\/v2\/product_cat?post=907"},{"taxonomy":"product_tag","embeddable":true,"href":"https:\/\/kunst-energie-regenbogen.de\/shop\/wp-json\/wp\/v2\/product_tag?post=907"}],"curies":[{"name":"wp","href":"https:\/\/api.w.org\/{rel}","templated":true}]}}