{"id":821,"date":"2021-09-28T10:33:52","date_gmt":"2021-09-28T08:33:52","guid":{"rendered":"https:\/\/kunst-energie-regenbogen.de\/shop\/?post_type=product&#038;p=821"},"modified":"2021-09-28T10:37:17","modified_gmt":"2021-09-28T08:37:17","slug":"freie-malgruppe-atelier","status":"publish","type":"product","link":"https:\/\/kunst-energie-regenbogen.de\/shop\/produkt\/freie-malgruppe-atelier\/","title":{"rendered":"Freie Malgruppe im Atelier"},"content":{"rendered":"<p>Bilderkunst realistisch, figurativ und abstrakt in verschiedenen Mal- und Zeichen-Techniken:<br \/>\n&#8211; Abstrakte Malerei mit Farb-Formen-Gestaltungs-Lehre, um reine urspr\u00fcngliche Gef\u00fchle zum Ausdruck zu bringen und zu f\u00f6rdern.<br \/>\n&#8211; Landschafts- oder Tiermalerei, um Stimmungen, Schwingungen, Einsch\u00e4tzungen oder Betrachtungen zu erforschen und zu entwickeln.<br \/>\nUnter professioneller Anleitung unterst\u00fctzt die K\u00fcnstlerin die pers\u00f6nlichen Zielsetzungen und Maltechniken. Jeder Teilnehmer wird entsprechend seinem K\u00f6nnen pers\u00f6nlich unterst\u00fctzt und motiviert, sich freudvoll weiter zu entwickeln.<\/p>\n","protected":false},"excerpt":{"rendered":"<p>Freie Malgruppe im Atelier in Konstanz-Dingelsdorf<br \/>\nDonnerstags 19:00 &#8211; 21:00 Uhr<br \/>\n50 Euro pro Termin bei 6 Teilnehmern<\/p>\n","protected":false},"featured_media":343,"template":"","meta":[],"product_brand":[],"product_cat":[51,43,44],"product_tag":[],"class_list":{"0":"post-821","1":"product","2":"type-product","3":"status-publish","4":"has-post-thumbnail","6":"product_cat-workshop","7":"product_cat-kuenstler","8":"product_cat-petra-wenski-haenisch","10":"first","11":"instock","12":"virtual","13":"purchasable","14":"product-type-simple"},"jetpack_sharing_enabled":true,"_links":{"self":[{"href":"https:\/\/kunst-energie-regenbogen.de\/shop\/wp-json\/wp\/v2\/product\/821","targetHints":{"allow":["GET"]}}],"collection":[{"href":"https:\/\/kunst-energie-regenbogen.de\/shop\/wp-json\/wp\/v2\/product"}],"about":[{"href":"https:\/\/kunst-energie-regenbogen.de\/shop\/wp-json\/wp\/v2\/types\/product"}],"wp:featuredmedia":[{"embeddable":true,"href":"https:\/\/kunst-energie-regenbogen.de\/shop\/wp-json\/wp\/v2\/media\/343"}],"wp:attachment":[{"href":"https:\/\/kunst-energie-regenbogen.de\/shop\/wp-json\/wp\/v2\/media?parent=821"}],"wp:term":[{"taxonomy":"product_brand","embeddable":true,"href":"https:\/\/kunst-energie-regenbogen.de\/shop\/wp-json\/wp\/v2\/product_brand?post=821"},{"taxonomy":"product_cat","embeddable":true,"href":"https:\/\/kunst-energie-regenbogen.de\/shop\/wp-json\/wp\/v2\/product_cat?post=821"},{"taxonomy":"product_tag","embeddable":true,"href":"https:\/\/kunst-energie-regenbogen.de\/shop\/wp-json\/wp\/v2\/product_tag?post=821"}],"curies":[{"name":"wp","href":"https:\/\/api.w.org\/{rel}","templated":true}]}}