{"id":805,"date":"2021-08-28T10:47:52","date_gmt":"2021-08-28T08:47:52","guid":{"rendered":"https:\/\/kunst-energie-regenbogen.de\/shop\/?post_type=product&#038;p=805"},"modified":"2024-02-20T18:02:45","modified_gmt":"2024-02-20T17:02:45","slug":"malen-im-freien-am-bodensee","status":"publish","type":"product","link":"https:\/\/kunst-energie-regenbogen.de\/shop\/produkt\/malen-im-freien-am-bodensee\/","title":{"rendered":"Malen im Freien am Bodensee"},"content":{"rendered":"<p>Einzelunterricht oder Kleinstgruppen (max. 3 Personen). Gr\u00f6\u00dfere Gruppen und zus\u00e4tzliche Termine auf Anfrage.<\/p>\n<p>Mitten in der wunderbaren Landschaft des Bodensees machen wir gemeinsame Exkursionen zu besonders sch\u00f6nen Pl\u00e4tzen, an denen jeder in seiner Technik die wunderbare Stimmung malerisch erfassen kann. Dabei unterst\u00fctzt die K\u00fcnstlerin Petra Wenski-H\u00e4nisch so, dass jeder, ob Anf\u00e4nger oder Fortgeschrittener, sich in seiner k\u00fcnstlerischen Entwicklung weiter entfalten kann. Die freie Akademie Regenbogen liegt in Dingelsdorf direkt am See. Von hier aus k\u00f6nnen fu\u00dfl\u00e4ufig viele sch\u00f6ne Lokationen erkundet werden. Je nach Interesse und Fahrgelegenheiten (\u00f6ffentlich oder PKW) k\u00f6nnen nach Absprache vor Ort auch etwas entferntere Lokationen angefahren werden.<br \/>\nBeispielhafte Lokationen sind: nat\u00fcrliches Seeufer, Bootsanleger mit Segelbooten oder Hafen mit Passagierschiff, Hinterland mit Obstwiesen, Bergpanorama mit See, interessante Geb\u00e4ude (Burg, Brunnen, &#8230;), Highland-Rinder in Koppel am See, &#8230;<\/p>\n<p>Zweit\u00e4giger Kurs, je 11-16 Uhr<br \/>\nTermine:<br \/>\ngerne auf Anfrage individuell vereinbar<\/p>\n","protected":false},"excerpt":{"rendered":"<p>Malen im Freien am Bodensee<br \/>\n2-Tages Kurs<\/p>\n<p>Jeder Teilnehmer kann in seiner gew\u00e4hlten Technik mit professioneller Unterst\u00fctzung der Dozentin Petra Wenski-H\u00e4nisch Stimmungen, Schwingungen, Einsch\u00e4tzungen oder Betrachtungen erforschen und entwickeln.<\/p>\n<p>Wunschtermin bitte bei Bezahlungsvorgang im Kommentarfeld angeben.<\/p>\n","protected":false},"featured_media":809,"template":"","meta":[],"product_brand":[],"product_cat":[51,44],"product_tag":[],"class_list":{"0":"post-805","1":"product","2":"type-product","3":"status-publish","4":"has-post-thumbnail","6":"product_cat-workshop","7":"product_cat-petra-wenski-haenisch","8":"product_shipping_class-frei","10":"first","11":"instock","12":"shipping-taxable","13":"purchasable","14":"product-type-simple"},"jetpack_sharing_enabled":true,"_links":{"self":[{"href":"https:\/\/kunst-energie-regenbogen.de\/shop\/wp-json\/wp\/v2\/product\/805","targetHints":{"allow":["GET"]}}],"collection":[{"href":"https:\/\/kunst-energie-regenbogen.de\/shop\/wp-json\/wp\/v2\/product"}],"about":[{"href":"https:\/\/kunst-energie-regenbogen.de\/shop\/wp-json\/wp\/v2\/types\/product"}],"wp:featuredmedia":[{"embeddable":true,"href":"https:\/\/kunst-energie-regenbogen.de\/shop\/wp-json\/wp\/v2\/media\/809"}],"wp:attachment":[{"href":"https:\/\/kunst-energie-regenbogen.de\/shop\/wp-json\/wp\/v2\/media?parent=805"}],"wp:term":[{"taxonomy":"product_brand","embeddable":true,"href":"https:\/\/kunst-energie-regenbogen.de\/shop\/wp-json\/wp\/v2\/product_brand?post=805"},{"taxonomy":"product_cat","embeddable":true,"href":"https:\/\/kunst-energie-regenbogen.de\/shop\/wp-json\/wp\/v2\/product_cat?post=805"},{"taxonomy":"product_tag","embeddable":true,"href":"https:\/\/kunst-energie-regenbogen.de\/shop\/wp-json\/wp\/v2\/product_tag?post=805"}],"curies":[{"name":"wp","href":"https:\/\/api.w.org\/{rel}","templated":true}]}}