{"id":688,"date":"2020-12-27T23:07:03","date_gmt":"2020-12-27T22:07:03","guid":{"rendered":"https:\/\/kunst-energie-regenbogen.de\/shop\/?post_type=product&#038;p=688"},"modified":"2021-02-15T22:48:23","modified_gmt":"2021-02-15T21:48:23","slug":"visions-energie-bild-erstellen","status":"publish","type":"product","link":"https:\/\/kunst-energie-regenbogen.de\/shop\/produkt\/visions-energie-bild-erstellen\/","title":{"rendered":"Visions-Energie-Bild erstellen, Kursserie"},"content":{"rendered":"<p>\u00dcber einen Zeitraum von 8 Wochen nehmen wir uns die Zeit, unsere guten W\u00fcnsche und Visionen f\u00fcr unser Leben zu visualisieren. Dabei kommen unterschiedliche Techniken zum Einsatz, wie Malerei (alle Maltechniken wie Acryl, \u00d6l, Aquarell, Pastellkreide, &#8230; sind m\u00f6glich), realistisch oder abstrakt, Schrift\/Kalligrafie, Foto, Mixed-Media. Die Kreativit\u00e4t wird grenzenlos ausgelebt. Durch die professionelle Anleitung der K\u00fcnstlerin entstehen Kunstwerke mit einer ganz individuellen Aussage. Es werden die Grundlagen der Malerei sowie die Ausdrucksformen im Laufe des Kurses im pers\u00f6nlichen Coaching vermittelt. Jeder Teilnehmer wird entsprechend seinem K\u00f6nnen pers\u00f6nlich unterst\u00fctzt und motiviert sich freudvoll weiter zu entwickeln.<br \/>\nDie Termine k\u00f6nnen einzeln gebucht werden, ganz entsprechend der eigenen M\u00f6glichkeit.<br \/>\nEin Einstieg in die Kursserie ist jederzeit m\u00f6glich.<br \/>\nDer Kurs wird Online \u00fcber Zoom durchgef\u00fchrt. PC oder Smartphone mit Kamera und Lautsprecher ist notwendig. Bei der Einrichtung kann ich gerne behilflich sein. Der Zoom Link wird vor dem Kurs bekannt gegeben.<br \/>\nJeder Teilnehmer bringt seine Materialvorliebe mit und wird von der K\u00fcnstlerin professionell angeleitet. Bei Anmeldung die Materialvorliebe angeben.<\/p>\n","protected":false},"excerpt":{"rendered":"<p>Visions-Energie-Bild erstellen, Samstags, 15-18 Uhr, 80 Euro pro Termin<\/p>\n","protected":false},"featured_media":698,"template":"","meta":[],"product_brand":[],"product_cat":[51,44],"product_tag":[],"class_list":{"0":"post-688","1":"product","2":"type-product","3":"status-publish","4":"has-post-thumbnail","6":"product_cat-workshop","7":"product_cat-petra-wenski-haenisch","8":"product_shipping_class-frei","10":"first","11":"instock","12":"shipping-taxable","13":"purchasable","14":"product-type-simple"},"jetpack_sharing_enabled":true,"_links":{"self":[{"href":"https:\/\/kunst-energie-regenbogen.de\/shop\/wp-json\/wp\/v2\/product\/688","targetHints":{"allow":["GET"]}}],"collection":[{"href":"https:\/\/kunst-energie-regenbogen.de\/shop\/wp-json\/wp\/v2\/product"}],"about":[{"href":"https:\/\/kunst-energie-regenbogen.de\/shop\/wp-json\/wp\/v2\/types\/product"}],"wp:featuredmedia":[{"embeddable":true,"href":"https:\/\/kunst-energie-regenbogen.de\/shop\/wp-json\/wp\/v2\/media\/698"}],"wp:attachment":[{"href":"https:\/\/kunst-energie-regenbogen.de\/shop\/wp-json\/wp\/v2\/media?parent=688"}],"wp:term":[{"taxonomy":"product_brand","embeddable":true,"href":"https:\/\/kunst-energie-regenbogen.de\/shop\/wp-json\/wp\/v2\/product_brand?post=688"},{"taxonomy":"product_cat","embeddable":true,"href":"https:\/\/kunst-energie-regenbogen.de\/shop\/wp-json\/wp\/v2\/product_cat?post=688"},{"taxonomy":"product_tag","embeddable":true,"href":"https:\/\/kunst-energie-regenbogen.de\/shop\/wp-json\/wp\/v2\/product_tag?post=688"}],"curies":[{"name":"wp","href":"https:\/\/api.w.org\/{rel}","templated":true}]}}