{"id":676,"date":"2020-12-03T21:07:45","date_gmt":"2020-12-03T20:07:45","guid":{"rendered":"https:\/\/kunst-energie-regenbogen.de\/shop\/?post_type=product&#038;p=676"},"modified":"2022-06-10T15:41:17","modified_gmt":"2022-06-10T13:41:17","slug":"vitales_leben_in_leichtigkeit","status":"publish","type":"product","link":"https:\/\/kunst-energie-regenbogen.de\/shop\/produkt\/vitales_leben_in_leichtigkeit\/","title":{"rendered":"Energie-Buch-Kunst-Werk: Ein erf\u00fclltes vitales Leben in Leichtigkeit"},"content":{"rendered":"<p>Energie-Kunst-Buch-Werk<br \/>\nTitel: Ein erf\u00fclltes vitales Leben in Leichtigkeit<br \/>\nAutorin: Petra Wenski-H\u00e4nisch<br \/>\nK\u00fcnstlerin der Bebilderung: Petra Wenski-H\u00e4nisch<br \/>\n188 Seiten, 34 Bilder, Format 21&#215;21 cm<br \/>\ngebundene Ausgabe oder E-Book<\/p>\n<p>Kurzbeschreibung<\/p>\n<p>Das Buch wurde zum Wohle Aller geschrieben. Es geht um den Sinn und Zweck des Lebens. Das Energie-Buch-Kunst-Werk ist strukturiert in 3 Energie-Themenbereiche mit jeweils 7 Energie-Kapiteln, mit Frage-Workshop und der Essenz der 21 Energie-Kapitel, gekoppelt mit wiederholenden \u00dcbungen der stillen Selbstbewusstseinsfindung. Aus den energetischen Impulsen k\u00f6nnen die entwicklungsf\u00f6rdernden Informationen erfasst und die daraus resultierenden heilenden Inhalte manifestiert werden. Im Buch geht es um die Lebenskunst und die Energie, die im Leben im engen Zusammenhang zu betrachten sind, weil das eine Symbiose zweier Aspekte ist, die sich gegenseitig erg\u00e4nzen und uns in unserer lebenslangen Jugendlichkeit und Vitalit\u00e4t f\u00f6rdern. Das analytische kreative bildliche und schriftliche Schaffen in diesem Buch dient dem energetischen Aufladen des Lesers, aus seinem eigenen inneren Selbst heraus. Wie das gesamte Seele\/Geist\/K\u00f6rper-System energetisiert und damit die lebenslange Vitalit\u00e4t erh\u00f6ht wird, wird im Buch aufgezeigt und erl\u00e4utert. Der Ursprung eines gl\u00fccklichen Lebens entspringt der Lebens-Kunst, die Kunst zu leben. Unterst\u00fctzend ist der meditative kreative Ausdruck des Seins in wiederholenden \u00dcbungen. Kunst und Energie, weil Kunst Energie ist und Energie Kreativit\u00e4t ist. Im Buch \u201eEin erf\u00fclltes vitales Leben in Leichtigkeit\u201c ist \u00fcber die M\u00f6glichkeiten geschrieben, die sich uns bieten, unser Leben mit guten kreativen Lebensgedanken und guten Lebenshandlungen selbst zu bestimmen und bietet im Frage-Workshop die M\u00f6glichkeit, sich mit seinem eigenen inneren Potenzial zu besch\u00e4ftigen, um spielerisch und in Leichtigkeit die pers\u00f6nliche Energie und Erf\u00fcllung zu entdecken, zu f\u00f6rdern und zu erh\u00f6hen. Zur Vertiefung der verschiedenen Energie-Kapitel kann sich in weiteren Wissensdarbietungen der Autorin, die als Coach unterst\u00fctzend wirkt, erkundigt werden.<\/p>\n","protected":false},"excerpt":{"rendered":"<p>Energie-Buch-Kunst-Werk, Druck oder E-Book<br \/>\nTitel: Ein erf\u00fclltes vitales Leben in Leichtigkeit<br \/>\nAutorin: Petra Wenski-H\u00e4nisch<\/p>\n","protected":false},"featured_media":911,"template":"","meta":[],"product_brand":[],"product_cat":[71,44],"product_tag":[],"class_list":{"0":"post-676","1":"product","2":"type-product","3":"status-publish","4":"has-post-thumbnail","6":"product_cat-buecher","7":"product_cat-petra-wenski-haenisch","8":"product_shipping_class-versandmittel","10":"first","11":"instock","12":"shipping-taxable","13":"purchasable","14":"product-type-variable","15":"has-default-attributes"},"jetpack_sharing_enabled":true,"_links":{"self":[{"href":"https:\/\/kunst-energie-regenbogen.de\/shop\/wp-json\/wp\/v2\/product\/676","targetHints":{"allow":["GET"]}}],"collection":[{"href":"https:\/\/kunst-energie-regenbogen.de\/shop\/wp-json\/wp\/v2\/product"}],"about":[{"href":"https:\/\/kunst-energie-regenbogen.de\/shop\/wp-json\/wp\/v2\/types\/product"}],"wp:featuredmedia":[{"embeddable":true,"href":"https:\/\/kunst-energie-regenbogen.de\/shop\/wp-json\/wp\/v2\/media\/911"}],"wp:attachment":[{"href":"https:\/\/kunst-energie-regenbogen.de\/shop\/wp-json\/wp\/v2\/media?parent=676"}],"wp:term":[{"taxonomy":"product_brand","embeddable":true,"href":"https:\/\/kunst-energie-regenbogen.de\/shop\/wp-json\/wp\/v2\/product_brand?post=676"},{"taxonomy":"product_cat","embeddable":true,"href":"https:\/\/kunst-energie-regenbogen.de\/shop\/wp-json\/wp\/v2\/product_cat?post=676"},{"taxonomy":"product_tag","embeddable":true,"href":"https:\/\/kunst-energie-regenbogen.de\/shop\/wp-json\/wp\/v2\/product_tag?post=676"}],"curies":[{"name":"wp","href":"https:\/\/api.w.org\/{rel}","templated":true}]}}