{"id":675,"date":"2020-12-01T22:35:37","date_gmt":"2020-12-01T21:35:37","guid":{"rendered":"https:\/\/kunst-energie-regenbogen.de\/shop\/?post_type=product&#038;p=675"},"modified":"2025-10-29T19:36:07","modified_gmt":"2025-10-29T18:36:07","slug":"rauhnaechte","status":"publish","type":"product","link":"https:\/\/kunst-energie-regenbogen.de\/shop\/produkt\/rauhnaechte\/","title":{"rendered":"Erf\u00fcllungs-Workshop-Rauhn\u00e4chte 2025\/26"},"content":{"rendered":"<h1><strong>Erf\u00fcllungs-Workshop-Rauhn\u00e4chte 2025\/26<\/strong><\/h1>\n<h2>F\u00fcr Balance-Seele\/Geist\/K\u00f6rper und f\u00fcr Harmonie-Familie\/Beruf\/Freizeit<\/h2>\n<h4>Copyright Petra Wenski-H\u00e4nisch, einzigartige Manifestations-Methode in der F\u00fclle-Sprache<\/h4>\n<p>Bewusst die Zeit zur Manifestation eigener Visionen und Ideen im Entwicklungs-Erfolgs-Wachstum f\u00fcr den neuen Jahreskreis einplanen.<\/p>\n<p>Holistische Mentorin Petra Wenski-H\u00e4nisch und Ehemann Nico H\u00e4nisch geben mit neuen einzigartigen Manifestations-F\u00fclle-Methoden\u00a9 den Erf\u00fcllungs-Workshop-Rauhn\u00e4chte. Die neue Art der Rauhn\u00e4chte \u2013 Erf\u00fcllungen im neuen Jahreskreis 2026 &#8211; neu kreieren und neue Visionen manifestieren. In der Vorweihnachts-Zeit werden in der keltischen Tradition die Rauhn\u00e4chte f\u00fcr Neujahresplanung zum W\u00fcnsche erf\u00fcllen gehalten. Wir geben einen Vortrag zur Erl\u00e4uterung und einen Workshop f\u00fcr pers\u00f6nliche ganzheitliche Kreationen des neuen Jahreskreises. Es geht um den Jahreszyklus aus der keltischen Tradition, in welcher in der Jahreszeit der k\u00fcrzeren Tage Vorbereitungen f\u00fcr das neue Jahr getroffen werden. In der Zeit des Besinnens und der Einkehr zu sich selbst gestalten wir die Rauhn\u00e4chte auf eine neue Art und Weise. Ordnung, Kl\u00e4rung, Vorstellungskraft, Positionierungsziele, Manifestationen.<\/p>\n<p>In drei Stunden<b>\u00a0<\/b>bereiten wir uns mit Klarheit, Bild- und F\u00fclle-Sprache auf ein erf\u00fclltes Jahr 2026 vor. F\u00fcr Balance-Seele\/Geist\/K\u00f6rper\u00a9, f\u00fcr Harmonie-Familie\/Beruf\/Freizeit\u00a9 und die bewusste Manifestation der Erf\u00fcllungen.<b>\u00a0<\/b>Wer 5 Teilnehmer mitbringt bekommt einen\u00a0<b>kostenfreien Platz im Wert von 80,-Euro<\/b>. Au\u00dferdem gibt es eine\u00a0<b>Provision von 10 %<\/b> f\u00fcr mitgebrachte Teilnehmer. Online-Termine k\u00f6nnen auch nach Vereinbarung als pers\u00f6nlicher Einzelworkshop an einem Termin oder als Gruppenworkshop gebucht werden. Zum kostenfreien Platz im Online-Workshop mit pers\u00f6nlichen Infos und Anmeldung mehrerer Teilnehmer per Mail an <b><a href=\"mailto:info@kunst-energie-regenbogen.de\" target=\"_blank\" rel=\"noopener\">info@kunst-energie-regenbogen.de<\/a>\u00a0oder WhatsApp 0176-72409840<\/b>.<\/p>\n<p><strong>Termine:<\/strong><br \/>\nSonntag, 07. Dezember, 10-13 Uhr<br \/>\nEs besteht auch die M\u00f6glichkeit, individuelle Termine zu vereinbaren.<\/p>\n<p>Energie-Termine auch nach Vereinbarung f\u00fcr einen pers\u00f6nlichen Einzel- oder Gruppenworkshop m\u00f6glich.<\/p>\n<p><strong>Jetzt Anmelden unter:<\/strong> <a href=\"mailto:info@kunst-energie-regenbogen.de\">info@kunst-energie-regenbogen.de<\/a>\u00a0oder WhatsApp 0176-72409840.<\/p>\n<p style=\"font-weight: 400;\"><strong>Kostenloses Info-Gespr\u00e4ch<\/strong> bei Bedarf zu vereinbaren unter <a href=\"https:\/\/kunst-energie-regenbogen.de\/shop\/terminbuchung\/\">https:\/\/kunst-energie-regenbogen.de\/shop\/terminbuchung\/<\/a><\/p>\n","protected":false},"excerpt":{"rendered":"<p><strong data-start=\"41\" data-end=\"83\">Erf\u00fcllungs-Workshop Rauhn\u00e4chte 2025\/26<\/strong> \u2013 In einem Online-Termin bereiten wir uns mit Klarheit, Bild- und F\u00fcllesprache auf ein erf\u00fclltes Jahr 2026 vor. F\u00fcr Balance-Seele\/Geist\/K\u00f6rper, f\u00fcr Harmonie-Familie\/Beruf\/Freizeit und die bewusste Manifestation der W\u00fcnsche.<\/p>\n","protected":false},"featured_media":1257,"template":"","meta":[],"product_brand":[],"product_cat":[52,51,44],"product_tag":[93,98,97,95,89,90,94,92,91,87,96,88],"class_list":{"0":"post-675","1":"product","2":"type-product","3":"status-publish","4":"has-post-thumbnail","6":"product_cat-energie-coaching","7":"product_cat-workshop","8":"product_cat-petra-wenski-haenisch","9":"product_tag-balance","10":"product_tag-bewusstsein","11":"product_tag-entwicklung","12":"product_tag-erfolg","13":"product_tag-erfuellung","14":"product_tag-fuelle","15":"product_tag-harmonie","16":"product_tag-jarheskreis","17":"product_tag-neues-jahr","18":"product_tag-rauhnaechte","19":"product_tag-wachstum","20":"product_tag-wuensche","22":"first","23":"instock","24":"virtual","25":"purchasable","26":"product-type-simple"},"jetpack_sharing_enabled":true,"_links":{"self":[{"href":"https:\/\/kunst-energie-regenbogen.de\/shop\/wp-json\/wp\/v2\/product\/675","targetHints":{"allow":["GET"]}}],"collection":[{"href":"https:\/\/kunst-energie-regenbogen.de\/shop\/wp-json\/wp\/v2\/product"}],"about":[{"href":"https:\/\/kunst-energie-regenbogen.de\/shop\/wp-json\/wp\/v2\/types\/product"}],"wp:featuredmedia":[{"embeddable":true,"href":"https:\/\/kunst-energie-regenbogen.de\/shop\/wp-json\/wp\/v2\/media\/1257"}],"wp:attachment":[{"href":"https:\/\/kunst-energie-regenbogen.de\/shop\/wp-json\/wp\/v2\/media?parent=675"}],"wp:term":[{"taxonomy":"product_brand","embeddable":true,"href":"https:\/\/kunst-energie-regenbogen.de\/shop\/wp-json\/wp\/v2\/product_brand?post=675"},{"taxonomy":"product_cat","embeddable":true,"href":"https:\/\/kunst-energie-regenbogen.de\/shop\/wp-json\/wp\/v2\/product_cat?post=675"},{"taxonomy":"product_tag","embeddable":true,"href":"https:\/\/kunst-energie-regenbogen.de\/shop\/wp-json\/wp\/v2\/product_tag?post=675"}],"curies":[{"name":"wp","href":"https:\/\/api.w.org\/{rel}","templated":true}]}}