{"id":665,"date":"2020-11-26T20:46:52","date_gmt":"2020-11-26T19:46:52","guid":{"rendered":"https:\/\/kunst-energie-regenbogen.de\/shop\/?post_type=product&#038;p=665"},"modified":"2020-11-26T20:46:52","modified_gmt":"2020-11-26T19:46:52","slug":"kunst-energie-workshop-wegkreuzungen-regenbogen","status":"publish","type":"product","link":"https:\/\/kunst-energie-regenbogen.de\/shop\/produkt\/kunst-energie-workshop-wegkreuzungen-regenbogen\/","title":{"rendered":"Kunst-Energie-Workshop: Wegkreuzungen Regenbogen"},"content":{"rendered":"<p>Zur St\u00e4rkung guter Gedanken und der inneren Kraft, habe ich die Kunst-Energie-Workshops konzipiert. Um in positiven Gedanken, der Leichtigkeit und in der Gemeinschaft zu bleiben, biete ich verschiedene Workshop-Themen an. Ziel der Kunst-Energie-Motive ist es, die energetische Visualisierung des individuellen positiven zuk\u00fcnftigen Wunsch-Lebens im Ausdruck der sch\u00f6pferischen Malaktivit\u00e4t zu f\u00f6rdern und zu manifestieren. In der Mitglieds-Gruppe werden wir miteinander und im Gedankenaustausch, eigene kreative Visionen bildnerisch erschaffen und \u00fcber Kunst und Energie kommunizieren. Geplant ist das Gemeinschafts-Kunstprojekt bei den von mir organisierten Ausstellungsm\u00f6glichkeiten, in jedem Fall aber als virtuellen Kunstrundgang auf unserem Web-Portal auszustellen.<\/p>\n<p>Wegkreuzungen Regenbogen: Wir schauen und erforschen die M\u00f6glichkeiten der Wegkreuzungen. Dabei entdecken wir die Macht der Entscheidungen. Entdecke deine innere Kraft, die bei deinen Entscheidungsfindungen unterst\u00fctzend wirkt. Du kannst neue Perspektiven und Sichtweisen finden, erkennen und umsetzten. Unbewusstes erkennen und zu Bewusstem umformen wird die Wegkreuzungen, die im Leben auftauchen, in ganz neue M\u00f6glichkeiten f\u00fchren. Es wird eine neue Art die Dinge zu sehen entstehen, um damit in Verbindung zu gehen. Wir visualisieren deine Entwicklung in einem Kunstwerk, wobei du die Gr\u00f6\u00dfe und Kunst-Art sowie Technik selbst bestimmst. Die professionelle Unterst\u00fctzung in der k\u00fcnstlerischen Ausf\u00fchrung und der energetischen Umsetzung wird individuell je nach Teilnehmer gegeben.<br \/>\nIn einem Monat erschaffst du dir Wege f\u00fcr dein Leben, die du gehen m\u00f6chtest. 1. Befreie deine Vergangenheit. 2. Entdecke deine innere Gabe. 3. Finde Wegkreuzungen der Liebe. 4. Bestimme und heile deinen Weg. 5. Entdecke deinen inneren Weg. 6. W\u00e4hle einen neuen Weg. 7. Begegne deiner inneren Kraft.<br \/>\nWillkommen in deiner neuen Welt \u201eWegkreuzungen-Regenbogen\u201c und lerne wie du \u00fcber das hinausgehen kannst, was dich bisher zur\u00fcckgehalten hat.<\/p>\n","protected":false},"excerpt":{"rendered":"<p>Wegkreuzungen Regenbogen<br \/>\n30\u20ac pro einst\u00fcndigem Termin bei 4 Teilnehmern<\/p>\n","protected":false},"featured_media":667,"template":"","meta":[],"product_brand":[],"product_cat":[52,51,44],"product_tag":[],"class_list":{"0":"post-665","1":"product","2":"type-product","3":"status-publish","4":"has-post-thumbnail","6":"product_cat-energie-coaching","7":"product_cat-workshop","8":"product_cat-petra-wenski-haenisch","10":"first","11":"instock","12":"shipping-taxable","13":"purchasable","14":"product-type-simple"},"jetpack_sharing_enabled":true,"_links":{"self":[{"href":"https:\/\/kunst-energie-regenbogen.de\/shop\/wp-json\/wp\/v2\/product\/665","targetHints":{"allow":["GET"]}}],"collection":[{"href":"https:\/\/kunst-energie-regenbogen.de\/shop\/wp-json\/wp\/v2\/product"}],"about":[{"href":"https:\/\/kunst-energie-regenbogen.de\/shop\/wp-json\/wp\/v2\/types\/product"}],"wp:featuredmedia":[{"embeddable":true,"href":"https:\/\/kunst-energie-regenbogen.de\/shop\/wp-json\/wp\/v2\/media\/667"}],"wp:attachment":[{"href":"https:\/\/kunst-energie-regenbogen.de\/shop\/wp-json\/wp\/v2\/media?parent=665"}],"wp:term":[{"taxonomy":"product_brand","embeddable":true,"href":"https:\/\/kunst-energie-regenbogen.de\/shop\/wp-json\/wp\/v2\/product_brand?post=665"},{"taxonomy":"product_cat","embeddable":true,"href":"https:\/\/kunst-energie-regenbogen.de\/shop\/wp-json\/wp\/v2\/product_cat?post=665"},{"taxonomy":"product_tag","embeddable":true,"href":"https:\/\/kunst-energie-regenbogen.de\/shop\/wp-json\/wp\/v2\/product_tag?post=665"}],"curies":[{"name":"wp","href":"https:\/\/api.w.org\/{rel}","templated":true}]}}