{"id":642,"date":"2020-11-23T22:00:08","date_gmt":"2020-11-23T21:00:08","guid":{"rendered":"https:\/\/kunst-energie-regenbogen.de\/shop\/?post_type=product&#038;p=642"},"modified":"2020-11-23T22:36:28","modified_gmt":"2020-11-23T21:36:28","slug":"energie-kreativ-impulse","status":"publish","type":"product","link":"https:\/\/kunst-energie-regenbogen.de\/shop\/produkt\/energie-kreativ-impulse\/","title":{"rendered":"Energie-Kreativ-Impulse"},"content":{"rendered":"<p>Zur Unterst\u00fctzung der Entwicklung in der Kreativit\u00e4t und zur Energieverst\u00e4rkung der inneren und \u00e4u\u00dferen Kr\u00e4fte. Impulse, auf die individuelle Person des Teilnehmers abgestimmt, zur Erstellung eines pers\u00f6nlichen Energiebildes. Eine kosteng\u00fcnstige, effiziente Anleitung f\u00fcr die individuellen Entwicklungsschritte. Zu Hause im eigenen Rhythmus werden die Impulse umgesetzt. Pers\u00f6nlich abgesprochene Termine f\u00fcr die Kommunikation und die Dauer der Themenumsetzung. Das Budget der Wertsch\u00e4tzung wird vom Teilnehmer selbst bestimmt, pro Impuls inklusive 15 Minuten Online-Besprechungs-Termin.<br \/>\nZiel ist es, den kreativen Flow in Energiebildern zu manifestieren.<br \/>\nInhalte sind z.B. Bildaufbau, Farbenlehre, Komposition, Perspektive, Licht und Schatten wie auch energetische Prozesse im Bereich Selbstreflektion und \u00e4u\u00dfere Wahrnehmung erkennen und in positives Denken und Handeln zu transformieren.<br \/>\nDozentin: Petra Wenski-H\u00e4nisch<\/p>\n","protected":false},"excerpt":{"rendered":"<p>Energie-Kreativ-Impulse, 1 Impuls inklusive 15 Minuten Online-Besprechungs-Termin<\/p>\n","protected":false},"featured_media":644,"template":"","meta":[],"product_brand":[],"product_cat":[51,44],"product_tag":[],"class_list":{"0":"post-642","1":"product","2":"type-product","3":"status-publish","4":"has-post-thumbnail","6":"product_cat-workshop","7":"product_cat-petra-wenski-haenisch","9":"first","10":"instock","11":"virtual","12":"purchasable","13":"product-type-simple"},"jetpack_sharing_enabled":true,"_links":{"self":[{"href":"https:\/\/kunst-energie-regenbogen.de\/shop\/wp-json\/wp\/v2\/product\/642","targetHints":{"allow":["GET"]}}],"collection":[{"href":"https:\/\/kunst-energie-regenbogen.de\/shop\/wp-json\/wp\/v2\/product"}],"about":[{"href":"https:\/\/kunst-energie-regenbogen.de\/shop\/wp-json\/wp\/v2\/types\/product"}],"wp:featuredmedia":[{"embeddable":true,"href":"https:\/\/kunst-energie-regenbogen.de\/shop\/wp-json\/wp\/v2\/media\/644"}],"wp:attachment":[{"href":"https:\/\/kunst-energie-regenbogen.de\/shop\/wp-json\/wp\/v2\/media?parent=642"}],"wp:term":[{"taxonomy":"product_brand","embeddable":true,"href":"https:\/\/kunst-energie-regenbogen.de\/shop\/wp-json\/wp\/v2\/product_brand?post=642"},{"taxonomy":"product_cat","embeddable":true,"href":"https:\/\/kunst-energie-regenbogen.de\/shop\/wp-json\/wp\/v2\/product_cat?post=642"},{"taxonomy":"product_tag","embeddable":true,"href":"https:\/\/kunst-energie-regenbogen.de\/shop\/wp-json\/wp\/v2\/product_tag?post=642"}],"curies":[{"name":"wp","href":"https:\/\/api.w.org\/{rel}","templated":true}]}}