{"id":610,"date":"2020-09-28T21:03:45","date_gmt":"2020-09-28T19:03:45","guid":{"rendered":"https:\/\/kunst-energie-regenbogen.de\/shop\/?post_type=product&#038;p=610"},"modified":"2023-01-03T16:30:00","modified_gmt":"2023-01-03T15:30:00","slug":"akademie-fotografie","status":"publish","type":"product","link":"https:\/\/kunst-energie-regenbogen.de\/shop\/produkt\/akademie-fotografie\/","title":{"rendered":"Akademie Fotografie"},"content":{"rendered":"<p>Ziel des Kurses ist die Vermittlung von Wissen zum professionellen Bildaufbau f\u00fcr Fotoshootings sowie Grundlagen der Bildgestaltung. Im Rahmen des Kurses werden verschiedene Bildgestaltungselemente, die in der Fotografie Anwendung finden, besprochen.<\/p>\n<p>Einzelunterricht oder Kleinstgruppen (max. 3 Personen). Gr\u00f6\u00dfere Gruppen und zus\u00e4tzliche Termine auf Anfrage.<\/p>\n<p>Den Tag beginnen wir meist mit skizzenhaften \u00dcbungen zu unterschiedlichen Fragestellungen der Bildgestaltung und studieren z.B. Perspektive, Licht\/Schatten, Bildaufbau mit Schwerpunktsetzung und Farb-Formen-Gestaltungs-Lehre. Dabei orientieren wir uns auch an den Klassikern der Bildenden Kunst.<br \/>\nIm Anschluss werden fu\u00dfl\u00e4ufige Exkursionen durchgef\u00fchrt mit verschiedenen Schwerpunkten, um die erlernten Bildgestaltungselemente einzusetzen: Architektur, Landschaft (Bodensee und Bodenseelandschaft), Nahaufnahmen von Flora und Fauna sind dabei Schwerpunkte der einzelnen Tage. Dabei nutzen wir auch die verschiedenen Tageszeiten mit ihren speziellen Lichtverh\u00e4ltnissen.<br \/>\nIm Rahmen der Fotoakademie besch\u00e4ftigen wir uns auch mit der Achtsamkeit und Detailbeobachtung bei der Motivfindung mit dem Ziel das Auge zu schulen und seinem fotografischen Stil einen individuellen Ausdruck zu verleihen.<br \/>\nEinige der entstandenen Fotos schauen wir uns gemeinsam an und machen eine Fotobesprechung um die erlernten Themen nochmals zu reflektieren und zu manifestieren.<br \/>\nF\u00fcr einzelne Bilder wird eine Bildbearbeitung in Lightroom f\u00fcr die Gruppe vorgef\u00fchrt. Wer seinen Laptop dabei hat kann auch schon die Bildbearbeitung der eigenen Fotos beginnen. Hier k\u00f6nnen auch individuelle Anregungen und Hinweise zur Bearbeitung der Bilder gegeben werden.<\/p>\n<p><strong>Dozenten:<br \/>\n<\/strong><a href=\"https:\/\/kunst-energie-regenbogen.de\/vita.html\" target=\"_blank\" rel=\"noopener noreferrer\">Petra Wenski-H\u00e4nisch<\/a><br \/>\n<a href=\"http:\/\/nh-foto-kunst.de\/vita.html\" target=\"_blank\" rel=\"noopener noreferrer\">Nico H\u00e4nisch<\/a><\/p>\n<p><b>Programm\/Ablauf:<\/b><br \/>\nDer voraussichtliche Tagesablauf f\u00fcr die zweit\u00e4gigen Kurse:<br \/>\nTag 1<br \/>\n11:00 \u2013 12.00 Uhr Begr\u00fc\u00dfung, gemeinsames Kennenlernen, Ablauf<br \/>\n12.00 \u2013 13.00 Uhr Besprechung Thema Tag 1<br \/>\n13.00 \u2013 13.30 Pause<br \/>\n13.30 \u2013 16.00 ca. 2,5 Stunden Exkursion<br \/>\n16.00 \u2013 17.00 Besprechung Thema f\u00fcr Tag 2<\/p>\n<p>Tag 2 (genauer Ablauf auch teilweise wetterabh\u00e4ngig)<br \/>\nTag 2<br \/>\nca. 8:00 \u2013 10:00 Uhr Fotoexkursion mit Morgenlicht<br \/>\nwer m\u00f6chte anschlie\u00dfendes Fr\u00fchst\u00fcck im Ort (Selbstzahler)<br \/>\n12.30 \u2013 14.30 Uhr Fotobesprechung Tag 1 und Tag 2<br \/>\n15.00 \u2013 17.00 Uhr Bildbearbeitungsvorf\u00fchrung ausgew\u00e4hlter Bilder<\/p>\n<p><b>Termin: auf Anfrage<\/b><br \/>\n<b>Material:<\/b><br \/>\nEigene Digitalkamera, Stativ wenn vorhanden (nicht Voraussetzung), Laptop wenn vorhanden (nicht Voraussetzung), Objektive und Zubeh\u00f6r nach Belieben.<br \/>\n<b>Verpflegung<\/b><br \/>\nEssen und Getr\u00e4nke nach Geschmack in Selbstverpflegung, im Ort ist eine B\u00e4ckerei\/Metzgerei sowie ein Kaffee \/ Bistro mit verschiedenen Gerichten und selbstgemachten Kuchen (7 min. zu Fu\u00df). Im Nachbarort, 5 min. mit dem Auto ist ein Supermarkt sowie ein Hofladen.<br \/>\n\u00dcbernachtungsm\u00f6glichkeiten sind umfangreich in Dingelsdorf sowie den Nachbarorten vorhanden.<\/p>\n","protected":false},"excerpt":{"rendered":"<p>Akademie Fotografie<\/p>\n<p>Foto-Kurs mit verschiedenen Themenfeldern<\/p>\n","protected":false},"featured_media":505,"template":"","meta":[],"product_brand":[],"product_cat":[51,49,44],"product_tag":[],"class_list":{"0":"post-610","1":"product","2":"type-product","3":"status-publish","4":"has-post-thumbnail","6":"product_cat-workshop","7":"product_cat-nico-haenisch","8":"product_cat-petra-wenski-haenisch","9":"product_shipping_class-frei","11":"first","12":"instock","13":"shipping-taxable","14":"purchasable","15":"product-type-simple"},"jetpack_sharing_enabled":true,"_links":{"self":[{"href":"https:\/\/kunst-energie-regenbogen.de\/shop\/wp-json\/wp\/v2\/product\/610","targetHints":{"allow":["GET"]}}],"collection":[{"href":"https:\/\/kunst-energie-regenbogen.de\/shop\/wp-json\/wp\/v2\/product"}],"about":[{"href":"https:\/\/kunst-energie-regenbogen.de\/shop\/wp-json\/wp\/v2\/types\/product"}],"wp:featuredmedia":[{"embeddable":true,"href":"https:\/\/kunst-energie-regenbogen.de\/shop\/wp-json\/wp\/v2\/media\/505"}],"wp:attachment":[{"href":"https:\/\/kunst-energie-regenbogen.de\/shop\/wp-json\/wp\/v2\/media?parent=610"}],"wp:term":[{"taxonomy":"product_brand","embeddable":true,"href":"https:\/\/kunst-energie-regenbogen.de\/shop\/wp-json\/wp\/v2\/product_brand?post=610"},{"taxonomy":"product_cat","embeddable":true,"href":"https:\/\/kunst-energie-regenbogen.de\/shop\/wp-json\/wp\/v2\/product_cat?post=610"},{"taxonomy":"product_tag","embeddable":true,"href":"https:\/\/kunst-energie-regenbogen.de\/shop\/wp-json\/wp\/v2\/product_tag?post=610"}],"curies":[{"name":"wp","href":"https:\/\/api.w.org\/{rel}","templated":true}]}}