{"id":606,"date":"2020-09-28T20:49:07","date_gmt":"2020-09-28T18:49:07","guid":{"rendered":"https:\/\/kunst-energie-regenbogen.de\/shop\/?post_type=product&#038;p=606"},"modified":"2021-12-04T22:12:58","modified_gmt":"2021-12-04T21:12:58","slug":"winterakademie-bildende-kunst","status":"publish","type":"product","link":"https:\/\/kunst-energie-regenbogen.de\/shop\/produkt\/winterakademie-bildende-kunst\/","title":{"rendered":"Winterakademie Bildende Kunst"},"content":{"rendered":"<p>Landschafts- und\/oder Tiermalerei, Portr\u00e4tmalerei und fig\u00fcrliche Malerei:<br \/>\nmodern oder traditionell in verschiedenen Techniken, Menschen in verschiedenen K\u00f6rperhaltungen studieren und malerisch, zeichnerisch umsetzen in Verbindung mit abstrakter Malerei mit Farb-Formen-Gestaltungs-Lehre.<br \/>\nJeder Teilnehmer kann in seiner gew\u00e4hlten Technik mit professioneller Unterst\u00fctzung der Dozentin Petra Wenski-H\u00e4nisch Stimmungen, Schwingungen, Einsch\u00e4tzungen oder Betrachtungen erforschen und entwickeln.\u00a0Z.B. kann sich der Teilnehmer in der Portr\u00e4tmalerei in seiner Maltechnik mit Charakteren, Mimik, Gestik und Gef\u00fchlen besch\u00e4ftigen.<br \/>\nZur Erg\u00e4nzung der fig\u00fcrlichen Malerei steht ein Aktmodell zur Verf\u00fcgung, um anhand des Modells in der gew\u00e4hlten Technik das Auge zu schulen und seinem Stil einen analytisch reflektierenden Ausdruck zu verleihen.<br \/>\nIn der Schreibkunst \/ Kalligrafie mit Botschaften\/Symbolen in klassischer Kalligrafie und individueller Typografie, k\u00f6nnen Botschaften in der bildenden Kunst wiedergeben werden, wie Symbole oder Texte, um gerne auch in den anderen Themen entstandene Kunstwerke zu erg\u00e4nzen oder komplett f\u00fcr sich zu stehen.<br \/>\n<b>Dozentin:\u00a0<a class=\"Footer_Link\" href=\"https:\/\/kunst-energie-regenbogen.de\/vita.html\" target=\"_blank\" rel=\"noopener noreferrer\">Petra Wenski-H\u00e4nisch<\/a><\/b><br \/>\n11.00 \u2013 16.00 Uhr Kurszeit<br \/>\nPausen k\u00f6nnen frei nach Bedarf genommen werden.<br \/>\n<b>Material:<\/b><br \/>\nJe nach gew\u00fcnschtem Schwerpunkt und Technik besteht unterschiedlicher Materialbedarf. Jeder kann sich selbst Material mitbringen oder nach Absprache im Vorfeld vor Ort erwerben. F\u00fcr die Planung bitte ich in jedem Fall vorab um eine Abstimmung mit welcher Technik und welchem Material zu welchem Thema gearbeitet werden m\u00f6chte. (Kontakt: info@atelier-regenbogenkunst.de).<br \/>\n<b>Verpflegung<\/b><br \/>\nEssen und Getr\u00e4nke nach Geschmack in Selbstverpflegung, im Ort ist eine B\u00e4ckerei\/Metzgerei sowie ein Kaffee \/ Bistro mit verschiedenen Gerichten und selbstgemachten Kuchen (7 min. zu Fu\u00df). Im Nachbarort, 5 min. mit dem Auto ist ein Supermarkt sowie ein Hofladen.<br \/>\n\u00dcbernachtungsm\u00f6glichkeiten sind umfangreich in Dingelsdorf sowie den Nachbarorten vorhanden.<\/p>\n","protected":false},"excerpt":{"rendered":"<p>Winterakademie Bildende Kunst<\/p>\n<p>Jeder Teilnehmer kann in seiner gew\u00e4hlten Technik mit professioneller Unterst\u00fctzung der Dozentin Petra Wenski-H\u00e4nisch Stimmungen, Schwingungen, Einsch\u00e4tzungen oder Betrachtungen erforschen und entwickeln.<\/p>\n<p>Termine &#8211; ausgew\u00e4hlten Termin bitte bei beim Bezahlvorgang im Kommentar angeben<br \/>\n07.01.2022 &#8211; 09.01.2022, 11-16 Uhr<br \/>\n14.01.2022 &#8211; 16.01.2022, 11-16 Uhr<br \/>\n21.01.2022 &#8211; 23.01.2022, 11-16 Uhr<br \/>\n28.01.2022 &#8211; 30.01.2022, 11-16 Uhr<br \/>\n04.02.2022 &#8211; 06.02.2022, 11-16 Uhr<br \/>\n11.02.2022 &#8211; 13.02.2022, 11-16 Uhr<\/p>\n","protected":false},"featured_media":136,"template":"","meta":[],"product_brand":[],"product_cat":[51,44],"product_tag":[],"class_list":{"0":"post-606","1":"product","2":"type-product","3":"status-publish","4":"has-post-thumbnail","6":"product_cat-workshop","7":"product_cat-petra-wenski-haenisch","8":"product_shipping_class-frei","10":"first","11":"instock","12":"virtual","13":"purchasable","14":"product-type-simple"},"jetpack_sharing_enabled":true,"_links":{"self":[{"href":"https:\/\/kunst-energie-regenbogen.de\/shop\/wp-json\/wp\/v2\/product\/606","targetHints":{"allow":["GET"]}}],"collection":[{"href":"https:\/\/kunst-energie-regenbogen.de\/shop\/wp-json\/wp\/v2\/product"}],"about":[{"href":"https:\/\/kunst-energie-regenbogen.de\/shop\/wp-json\/wp\/v2\/types\/product"}],"wp:featuredmedia":[{"embeddable":true,"href":"https:\/\/kunst-energie-regenbogen.de\/shop\/wp-json\/wp\/v2\/media\/136"}],"wp:attachment":[{"href":"https:\/\/kunst-energie-regenbogen.de\/shop\/wp-json\/wp\/v2\/media?parent=606"}],"wp:term":[{"taxonomy":"product_brand","embeddable":true,"href":"https:\/\/kunst-energie-regenbogen.de\/shop\/wp-json\/wp\/v2\/product_brand?post=606"},{"taxonomy":"product_cat","embeddable":true,"href":"https:\/\/kunst-energie-regenbogen.de\/shop\/wp-json\/wp\/v2\/product_cat?post=606"},{"taxonomy":"product_tag","embeddable":true,"href":"https:\/\/kunst-energie-regenbogen.de\/shop\/wp-json\/wp\/v2\/product_tag?post=606"}],"curies":[{"name":"wp","href":"https:\/\/api.w.org\/{rel}","templated":true}]}}