{"id":567,"date":"2020-09-13T22:15:18","date_gmt":"2020-09-13T20:15:18","guid":{"rendered":"https:\/\/kunst-energie-regenbogen.de\/shop\/?post_type=product&#038;p=567"},"modified":"2020-09-13T22:15:18","modified_gmt":"2020-09-13T20:15:18","slug":"silberring-unikatschmuck-im-schutze-der-natur","status":"publish","type":"product","link":"https:\/\/kunst-energie-regenbogen.de\/shop\/produkt\/silberring-unikatschmuck-im-schutze-der-natur\/","title":{"rendered":"Silberring &#8211; Unikatschmuck &#8222;Im Schutze der Natur&#8220;"},"content":{"rendered":"<p>Unikat-Schmuck-Kunst: Silberring &#8222;Im Schutze der Natur&#8220;, kreiert und modelliert von der K\u00fcnstlerin und Designerin (FH) Petra Wenski-H\u00e4nisch, gegossen in Silber im Wachsausschmelzverfahren.<\/p>\n<p>Symbolik: Das wundervolle Silberblatt symbolisiert den Schutz der Natur, die uns besch\u00fctzt, n\u00e4hrt, beh\u00fctet, Kraft gibt und heilt und ist so wertvoll f\u00fcr Seele\/Geist\/K\u00f6rper. Die Kunstwerke von Petra Wenski-H\u00e4nisch reflektieren sich aus dem Ursprung des Lebens, so auch dieser Unikat-Silberring. Die kostbaren Silberbl\u00e4tter eignen sich auch als Symbol f\u00fcr den Stammbaum der Familie, z.B. zur Geburt.<\/p>\n","protected":false},"excerpt":{"rendered":"<p>Silberring &#8222;Im Schutze der Natur&#8220;, kreiert und modelliert von der K\u00fcnstlerin und Designerin (FH) Petra Wenski-H\u00e4nisch, gegossen in Silber im Wachsausschmelzverfahren.<\/p>\n","protected":false},"featured_media":570,"template":"","meta":[],"product_brand":[],"product_cat":[43,44,38],"product_tag":[],"class_list":{"0":"post-567","1":"product","2":"type-product","3":"status-publish","4":"has-post-thumbnail","6":"product_cat-kuenstler","7":"product_cat-petra-wenski-haenisch","8":"product_cat-schmuck","9":"product_shipping_class-versandklein","11":"first","12":"instock","13":"sold-individually","14":"shipping-taxable","15":"purchasable","16":"product-type-simple"},"jetpack_sharing_enabled":true,"_links":{"self":[{"href":"https:\/\/kunst-energie-regenbogen.de\/shop\/wp-json\/wp\/v2\/product\/567","targetHints":{"allow":["GET"]}}],"collection":[{"href":"https:\/\/kunst-energie-regenbogen.de\/shop\/wp-json\/wp\/v2\/product"}],"about":[{"href":"https:\/\/kunst-energie-regenbogen.de\/shop\/wp-json\/wp\/v2\/types\/product"}],"wp:featuredmedia":[{"embeddable":true,"href":"https:\/\/kunst-energie-regenbogen.de\/shop\/wp-json\/wp\/v2\/media\/570"}],"wp:attachment":[{"href":"https:\/\/kunst-energie-regenbogen.de\/shop\/wp-json\/wp\/v2\/media?parent=567"}],"wp:term":[{"taxonomy":"product_brand","embeddable":true,"href":"https:\/\/kunst-energie-regenbogen.de\/shop\/wp-json\/wp\/v2\/product_brand?post=567"},{"taxonomy":"product_cat","embeddable":true,"href":"https:\/\/kunst-energie-regenbogen.de\/shop\/wp-json\/wp\/v2\/product_cat?post=567"},{"taxonomy":"product_tag","embeddable":true,"href":"https:\/\/kunst-energie-regenbogen.de\/shop\/wp-json\/wp\/v2\/product_tag?post=567"}],"curies":[{"name":"wp","href":"https:\/\/api.w.org\/{rel}","templated":true}]}}