{"id":550,"date":"2020-09-10T21:48:06","date_gmt":"2020-09-10T19:48:06","guid":{"rendered":"https:\/\/kunst-energie-regenbogen.de\/shop\/?post_type=product&#038;p=550"},"modified":"2021-08-01T16:22:11","modified_gmt":"2021-08-01T14:22:11","slug":"seehaesin-skulptur-in-bronze","status":"publish","type":"product","link":"https:\/\/kunst-energie-regenbogen.de\/shop\/produkt\/seehaesin-skulptur-in-bronze\/","title":{"rendered":"Seeh\u00e4sin-Skulptur in Bronze"},"content":{"rendered":"<p>\u201eSeeh\u00e4sin\u201c-Skulptur, inspiriert von der Bodensee-Fantasiefigur \u201eSeehas\u201c, die in verschiedenen Bodenseegeschichten vorkommt. Die Skulptur ist Unikat aus experimentellem Bronzeguss, hergestellt im Wachsausschmelzverfahren und von Hand modelliert. Die H\u00f6he der Skulptur betr\u00e4gt 32cm.<\/p>\n<p>Die Bewohner von Friedrichshafen und anderen Orten am Bodensee sollen fr\u00fcher Seehasen genannt worden sein, die H\u00e4fler bezeichnen sich auch heute noch so. Auch taucht der Name Seehas bei den Sieben Schwaben auf. Weit zur\u00fcck in die Geschichte geht die Deutung, die sich auf die Abbildung eines springenden Hasen in einer r\u00f6mischen Standarte bezieht, die das Zeichen einer r\u00f6mischen Legion im heutigen Konstanz war. Heute hei\u00dft die Bahnlinie entlang des Bodensees teilweise Seehas. In Friedrichshafen findet j\u00e4hrlich das Seehasenfest statt.<\/p>\n","protected":false},"excerpt":{"rendered":"<p>\u201eSeeh\u00e4sin\u201c-Skulptur, Unikat, experimenteller Bronzeguss, hergestellt im Wachsausschmelzverfahren und von Hand modelliert. Die H\u00f6he der Skulptur betr\u00e4gt 32cm.<\/p>\n","protected":false},"featured_media":562,"template":"","meta":[],"product_brand":[],"product_cat":[53,44,72,37],"product_tag":[],"class_list":{"0":"post-550","1":"product","2":"type-product","3":"status-publish","4":"has-post-thumbnail","6":"product_cat-bronzeguss","7":"product_cat-petra-wenski-haenisch","8":"product_cat-see-haesin","9":"product_cat-skulpturen","10":"product_shipping_class-versandmittel","12":"first","13":"instock","14":"sold-individually","15":"shipping-taxable","16":"purchasable","17":"product-type-simple"},"jetpack_sharing_enabled":true,"_links":{"self":[{"href":"https:\/\/kunst-energie-regenbogen.de\/shop\/wp-json\/wp\/v2\/product\/550","targetHints":{"allow":["GET"]}}],"collection":[{"href":"https:\/\/kunst-energie-regenbogen.de\/shop\/wp-json\/wp\/v2\/product"}],"about":[{"href":"https:\/\/kunst-energie-regenbogen.de\/shop\/wp-json\/wp\/v2\/types\/product"}],"wp:featuredmedia":[{"embeddable":true,"href":"https:\/\/kunst-energie-regenbogen.de\/shop\/wp-json\/wp\/v2\/media\/562"}],"wp:attachment":[{"href":"https:\/\/kunst-energie-regenbogen.de\/shop\/wp-json\/wp\/v2\/media?parent=550"}],"wp:term":[{"taxonomy":"product_brand","embeddable":true,"href":"https:\/\/kunst-energie-regenbogen.de\/shop\/wp-json\/wp\/v2\/product_brand?post=550"},{"taxonomy":"product_cat","embeddable":true,"href":"https:\/\/kunst-energie-regenbogen.de\/shop\/wp-json\/wp\/v2\/product_cat?post=550"},{"taxonomy":"product_tag","embeddable":true,"href":"https:\/\/kunst-energie-regenbogen.de\/shop\/wp-json\/wp\/v2\/product_tag?post=550"}],"curies":[{"name":"wp","href":"https:\/\/api.w.org\/{rel}","templated":true}]}}