{"id":493,"date":"2020-06-28T19:32:10","date_gmt":"2020-06-28T17:32:10","guid":{"rendered":"https:\/\/kunst-energie-regenbogen.de\/shop\/?post_type=product&#038;p=493"},"modified":"2020-07-30T19:45:48","modified_gmt":"2020-07-30T17:45:48","slug":"unikat-schmuck-kunst-kollektion-die-vier-elemente-als-herz-anhaenger-gruppe-klein","status":"publish","type":"product","link":"https:\/\/kunst-energie-regenbogen.de\/shop\/produkt\/unikat-schmuck-kunst-kollektion-die-vier-elemente-als-herz-anhaenger-gruppe-klein\/","title":{"rendered":"Unikat-Schmuck-Kunst: Kollektion &#8222;Die vier Elemente&#8220; als Herz-Anh\u00e4nger, klein"},"content":{"rendered":"<p>Kollektion \u201eDie vier Elemente\u201c als Herz-Anh\u00e4nger, klein. Unikat-Schmuck-Kunst der K\u00fcnstlerin und Designerin (FH) Petra Wenski-H\u00e4nisch, inspiriert von den vier Elementen Feuer, Erde, Wasser, Luft. Die Skulpturen-Anh\u00e4nger sind Unikate aus Silber, hergestellt im Wachsausschmelzverfahren und von Hand modelliert. Sie symbolisieren die Herzenergie in Einheit mit dem jeweils symbolisch gestalteten Element.<\/p>\n<p>Man sagt, mehr oder weniger als vier Elemente kann es nicht geben. Sie bestehen aus zwei Arten, den oberen und den unteren. Die oberen sind die himmlischen, die unteren die irdischen. Was in den oberen existiert, ist nicht greifbar und besteht aus Feuer<sup id=\"cite_ref-4\" class=\"reference\"><\/sup> und Luft<sup id=\"cite_ref-5\" class=\"reference\"><\/sup>; was aber in den unteren existiert, ist greifbar und hat geformte K\u00f6rper, und es besteht aus Wasser und Erde.<\/p>\n","protected":false},"excerpt":{"rendered":"<p>Kollektion \u201eDie vier Elemente\u201c, klein. Unikat-Schmuck-Kunst der K\u00fcnstlerin und Designerin (FH) Petra Wenski-H\u00e4nisch<\/p>\n","protected":false},"featured_media":502,"template":"","meta":[],"product_brand":[],"product_cat":[44,38],"product_tag":[],"class_list":{"0":"post-493","1":"product","2":"type-product","3":"status-publish","4":"has-post-thumbnail","6":"product_cat-petra-wenski-haenisch","7":"product_cat-schmuck","8":"product_shipping_class-versandklein","10":"first","11":"instock","12":"sold-individually","13":"shipping-taxable","14":"purchasable","15":"product-type-variable"},"jetpack_sharing_enabled":true,"_links":{"self":[{"href":"https:\/\/kunst-energie-regenbogen.de\/shop\/wp-json\/wp\/v2\/product\/493","targetHints":{"allow":["GET"]}}],"collection":[{"href":"https:\/\/kunst-energie-regenbogen.de\/shop\/wp-json\/wp\/v2\/product"}],"about":[{"href":"https:\/\/kunst-energie-regenbogen.de\/shop\/wp-json\/wp\/v2\/types\/product"}],"wp:featuredmedia":[{"embeddable":true,"href":"https:\/\/kunst-energie-regenbogen.de\/shop\/wp-json\/wp\/v2\/media\/502"}],"wp:attachment":[{"href":"https:\/\/kunst-energie-regenbogen.de\/shop\/wp-json\/wp\/v2\/media?parent=493"}],"wp:term":[{"taxonomy":"product_brand","embeddable":true,"href":"https:\/\/kunst-energie-regenbogen.de\/shop\/wp-json\/wp\/v2\/product_brand?post=493"},{"taxonomy":"product_cat","embeddable":true,"href":"https:\/\/kunst-energie-regenbogen.de\/shop\/wp-json\/wp\/v2\/product_cat?post=493"},{"taxonomy":"product_tag","embeddable":true,"href":"https:\/\/kunst-energie-regenbogen.de\/shop\/wp-json\/wp\/v2\/product_tag?post=493"}],"curies":[{"name":"wp","href":"https:\/\/api.w.org\/{rel}","templated":true}]}}