{"id":458,"date":"2020-06-28T21:53:41","date_gmt":"2020-06-28T19:53:41","guid":{"rendered":"https:\/\/kunst-energie-regenbogen.de\/shop\/?post_type=product&#038;p=458"},"modified":"2025-03-23T08:32:41","modified_gmt":"2025-03-23T07:32:41","slug":"bodensee-kollektion-seehaesin","status":"publish","type":"product","link":"https:\/\/kunst-energie-regenbogen.de\/shop\/produkt\/bodensee-kollektion-seehaesin\/","title":{"rendered":"Bodensee-Kollektion &#8222;See-H\u00e4sin&#8220;"},"content":{"rendered":"<p>Bodensee-Kollektion &#8222;See-H\u00e4sin&#8220;. Unikat-Schmuck-Kunst der K\u00fcnstlerin und Designerin (FH) Petra Wenski-H\u00e4nisch, inspiriert von der Bodensee-Fantasiefigur &#8222;Seehas&#8220;, die in verschiedenen Bodenseegeschichten vorkommt. Die Skulpturen-Anh\u00e4nger sind Unikate aus Silber, hergestellt im Wachsausschmelzverfahren und von Hand modelliert.<\/p>\n<p>Die Bewohner von Friedrichshafen und anderen Orten am Bodensee sollen fr\u00fcher Seehasen\u00a0genannt worden sein, die H\u00e4fler bezeichnen sich auch heute noch so. Auch taucht der Name\u00a0Seehas\u00a0bei den\u00a0Sieben Schwaben auf. Weit zur\u00fcck in die Geschichte geht die Deutung, die sich auf die Abbildung eines springenden Hasen in einer r\u00f6mischen Standarte bezieht, die das Zeichen einer r\u00f6mischen Legion im heutigen Konstanz war. Heute hei\u00dft die Bahnlinie entlang des Bodensees teilweise Seehas. In Friedrichshafen findet j\u00e4hrlich das Seehasenfest statt.<\/p>\n","protected":false},"excerpt":{"rendered":"<p>Bodensee-Kollektion &#8222;See-H\u00e4sin&#8220;. Unikat-Schmuck-Kunst der K\u00fcnstlerin und Designerin (FH) Petra Wenski-H\u00e4nisch. Erh\u00e4ltlich in vier Gr\u00f6\u00dfen: 11cm, 8cm, 5,5cm, 3cm.<\/p>\n","protected":false},"featured_media":460,"template":"","meta":[],"product_brand":[],"product_cat":[44,38,84,72,39,37],"product_tag":[],"class_list":{"0":"post-458","1":"product","2":"type-product","3":"status-publish","4":"has-post-thumbnail","6":"product_cat-petra-wenski-haenisch","7":"product_cat-schmuck","8":"product_cat-schmuck-see-haesin","9":"product_cat-see-haesin","10":"product_cat-silberguss","11":"product_cat-skulpturen","12":"product_shipping_class-versandklein","14":"first","15":"instock","16":"sold-individually","17":"shipping-taxable","18":"purchasable","19":"product-type-variable"},"jetpack_sharing_enabled":true,"_links":{"self":[{"href":"https:\/\/kunst-energie-regenbogen.de\/shop\/wp-json\/wp\/v2\/product\/458","targetHints":{"allow":["GET"]}}],"collection":[{"href":"https:\/\/kunst-energie-regenbogen.de\/shop\/wp-json\/wp\/v2\/product"}],"about":[{"href":"https:\/\/kunst-energie-regenbogen.de\/shop\/wp-json\/wp\/v2\/types\/product"}],"wp:featuredmedia":[{"embeddable":true,"href":"https:\/\/kunst-energie-regenbogen.de\/shop\/wp-json\/wp\/v2\/media\/460"}],"wp:attachment":[{"href":"https:\/\/kunst-energie-regenbogen.de\/shop\/wp-json\/wp\/v2\/media?parent=458"}],"wp:term":[{"taxonomy":"product_brand","embeddable":true,"href":"https:\/\/kunst-energie-regenbogen.de\/shop\/wp-json\/wp\/v2\/product_brand?post=458"},{"taxonomy":"product_cat","embeddable":true,"href":"https:\/\/kunst-energie-regenbogen.de\/shop\/wp-json\/wp\/v2\/product_cat?post=458"},{"taxonomy":"product_tag","embeddable":true,"href":"https:\/\/kunst-energie-regenbogen.de\/shop\/wp-json\/wp\/v2\/product_tag?post=458"}],"curies":[{"name":"wp","href":"https:\/\/api.w.org\/{rel}","templated":true}]}}