{"id":440,"date":"2020-06-20T12:29:51","date_gmt":"2020-06-20T10:29:51","guid":{"rendered":"https:\/\/kunst-energie-regenbogen.de\/shop\/?post_type=product&#038;p=440"},"modified":"2020-06-20T12:41:02","modified_gmt":"2020-06-20T10:41:02","slug":"herz-licht-kreis","status":"publish","type":"product","link":"https:\/\/kunst-energie-regenbogen.de\/shop\/produkt\/herz-licht-kreis\/","title":{"rendered":"Herz-Licht-Kreis"},"content":{"rendered":"<p>Ziel ist, dass viele Menschen die M\u00f6glichkeit haben spielerisch, in dem von mir angebotenen und betreuten \u201eHerz-Licht\u201c \u2013 Kunst-Energie-Projekt, im positiven Denken und Handeln zu sein.<br \/>\nJeder kann mitmachen, auch die ganze Familie kann sich daran beteiligen und das Mitmachprojekt kann auch weiterverteilt werden.<br \/>\n<b>Kostenloses Angebot:<\/b><br \/>\nDie \u201eHerz-Licht\u201c &#8211; Gruppe, trifft sich einmal die Woche (je nach technischem Equipment) online per Zoom und\/oder im Gruppen-Chat per WhatsApp. In der von mir angelegten WhatsApp-Gruppe besteht die M\u00f6glichkeit st\u00e4ndig im Austausch zu sein und zu kommunizieren. Es gibt auch eine Life-Gruppe in Konstanz am Bodensee im Atelier\/Akademie\/Galerie\/Energiepraxis-Regenbogen, einmal die Woche.<br \/>\n<b>Programm\/Ablauf:<\/b><br \/>\nWir werden gemeinsam immer wieder neue kreative energievolle visuelle Werke erschaffen. In die Gruppe stelle ich regelm\u00e4\u00dfig Aufmunterndes, Wertvolles und positiv Informatives. Jeder kann kostenlos mitmachen. Es werden immer wieder neue kleine Kunstwerke in Form von Bildern, Texten, Collagen zum Thema Liebe und Licht kreiert. Die kleinen k\u00fcnstlerisch geschaffenen Werke werden mit positiven Gedanken, die das Gute und Sch\u00f6ne hervorheben, gestaltet. Jeder, auch innerhalb der Familie, altersunabh\u00e4ngig, kann mitmachen und kreiert ein quadratisches Bild. Technik, Material, positiver Inhalt bleibt jedem gro\u00dfen und kleinen K\u00fcnstler selbst \u00fcberlassen. Wichtig ist nur, dass es in der Gemeinschaft das Positive in unser aller Leben aufzeigt und um die Lebensfreude zu erh\u00f6hen.<\/p>\n<p>Nach der Anmeldung bitte per E-Mail an <a href=\"mailto:Info@Kunst-Energie-Regenbogen.de\">Info@Kunst-Energie-Regenbogen.de<\/a> eine kleine Vorstellung mit Adresse (Name, Beruf, Lieblingsbesch\u00e4ftigungen, Ort, Stra\u00dfe, Telefon\/WhatsApp, E-Mail, falls vorhanden Webadresse, Facebook, damit ich den Zoom-Verbindungs-Code und die WhatsApp-Gruppen-Eingangsdaten zusenden kann. Einstieg jederzeit m\u00f6glich.<\/p>\n","protected":false},"excerpt":{"rendered":"<p>Herz-Licht-Kreis<\/p>\n<p>Um in positiven Gedanken und Leichtigkeit zu bleiben, biete ich als Kunst- und Energie-Coach ein kostenloses Kunst-Energie-Projekt mit dem Namen \u201eHerz-Licht\u201c an.<\/p>\n","protected":false},"featured_media":441,"template":"","meta":[],"product_brand":[],"product_cat":[52,51,44],"product_tag":[],"class_list":{"0":"post-440","1":"product","2":"type-product","3":"status-publish","4":"has-post-thumbnail","6":"product_cat-energie-coaching","7":"product_cat-workshop","8":"product_cat-petra-wenski-haenisch","10":"first","11":"instock","12":"virtual","13":"purchasable","14":"product-type-simple"},"jetpack_sharing_enabled":true,"_links":{"self":[{"href":"https:\/\/kunst-energie-regenbogen.de\/shop\/wp-json\/wp\/v2\/product\/440","targetHints":{"allow":["GET"]}}],"collection":[{"href":"https:\/\/kunst-energie-regenbogen.de\/shop\/wp-json\/wp\/v2\/product"}],"about":[{"href":"https:\/\/kunst-energie-regenbogen.de\/shop\/wp-json\/wp\/v2\/types\/product"}],"wp:featuredmedia":[{"embeddable":true,"href":"https:\/\/kunst-energie-regenbogen.de\/shop\/wp-json\/wp\/v2\/media\/441"}],"wp:attachment":[{"href":"https:\/\/kunst-energie-regenbogen.de\/shop\/wp-json\/wp\/v2\/media?parent=440"}],"wp:term":[{"taxonomy":"product_brand","embeddable":true,"href":"https:\/\/kunst-energie-regenbogen.de\/shop\/wp-json\/wp\/v2\/product_brand?post=440"},{"taxonomy":"product_cat","embeddable":true,"href":"https:\/\/kunst-energie-regenbogen.de\/shop\/wp-json\/wp\/v2\/product_cat?post=440"},{"taxonomy":"product_tag","embeddable":true,"href":"https:\/\/kunst-energie-regenbogen.de\/shop\/wp-json\/wp\/v2\/product_tag?post=440"}],"curies":[{"name":"wp","href":"https:\/\/api.w.org\/{rel}","templated":true}]}}