{"id":386,"date":"2020-06-02T21:20:13","date_gmt":"2020-06-02T19:20:13","guid":{"rendered":"https:\/\/kunst-energie-regenbogen.de\/shop\/?post_type=product&#038;p=386"},"modified":"2020-06-02T22:04:42","modified_gmt":"2020-06-02T20:04:42","slug":"silberring-mit-lebensbaum","status":"publish","type":"product","link":"https:\/\/kunst-energie-regenbogen.de\/shop\/produkt\/silberring-mit-lebensbaum\/","title":{"rendered":"Silberring mit Lebensbaum"},"content":{"rendered":"<p>Silberring mit Lebensbaum &#8211; Unikat-Schmuckkunst in Silber von der Designerin und K\u00fcnstlerin Petra Wenski-H\u00e4nisch.<\/p>\n<p>Der Lebensbaum geh\u00f6rt zur Mythologie vieler V\u00f6lker und ist ein altes Symbol f\u00fcr die Lebensenergie.<\/p>\n<p>Die Gr\u00f6\u00dfe ist variabel zwischen 48 &#8211; 52 mm, der Ring ist aus echt Silber gegossen.<\/p>\n","protected":false},"excerpt":{"rendered":"<p>Silberring mit Lebensbaum<\/p>\n","protected":false},"featured_media":387,"template":"","meta":[],"product_brand":[],"product_cat":[44,38],"product_tag":[67,57,69,66,56,58,68],"class_list":{"0":"post-386","1":"product","2":"type-product","3":"status-publish","4":"has-post-thumbnail","6":"product_cat-petra-wenski-haenisch","7":"product_cat-schmuck","8":"product_tag-lebensbaum","9":"product_tag-schmuckkunst","10":"product_tag-silberguss","11":"product_tag-silberring","12":"product_tag-silberschmuck","13":"product_tag-unikat-schmuck","14":"product_tag-unikat-schmuck-kunst","15":"product_shipping_class-versandklein","17":"first","18":"instock","19":"sold-individually","20":"shipping-taxable","21":"purchasable","22":"product-type-simple"},"jetpack_sharing_enabled":true,"_links":{"self":[{"href":"https:\/\/kunst-energie-regenbogen.de\/shop\/wp-json\/wp\/v2\/product\/386","targetHints":{"allow":["GET"]}}],"collection":[{"href":"https:\/\/kunst-energie-regenbogen.de\/shop\/wp-json\/wp\/v2\/product"}],"about":[{"href":"https:\/\/kunst-energie-regenbogen.de\/shop\/wp-json\/wp\/v2\/types\/product"}],"wp:featuredmedia":[{"embeddable":true,"href":"https:\/\/kunst-energie-regenbogen.de\/shop\/wp-json\/wp\/v2\/media\/387"}],"wp:attachment":[{"href":"https:\/\/kunst-energie-regenbogen.de\/shop\/wp-json\/wp\/v2\/media?parent=386"}],"wp:term":[{"taxonomy":"product_brand","embeddable":true,"href":"https:\/\/kunst-energie-regenbogen.de\/shop\/wp-json\/wp\/v2\/product_brand?post=386"},{"taxonomy":"product_cat","embeddable":true,"href":"https:\/\/kunst-energie-regenbogen.de\/shop\/wp-json\/wp\/v2\/product_cat?post=386"},{"taxonomy":"product_tag","embeddable":true,"href":"https:\/\/kunst-energie-regenbogen.de\/shop\/wp-json\/wp\/v2\/product_tag?post=386"}],"curies":[{"name":"wp","href":"https:\/\/api.w.org\/{rel}","templated":true}]}}