{"id":378,"date":"2020-09-24T20:56:00","date_gmt":"2020-09-24T18:56:00","guid":{"rendered":"https:\/\/kunst-energie-regenbogen.de\/shop\/?post_type=product&#038;p=378"},"modified":"2020-09-24T20:56:00","modified_gmt":"2020-09-24T18:56:00","slug":"unikat-schmuckkunst-oder-kleinskulptur-nach-ihren-vorstellungen","status":"publish","type":"product","link":"https:\/\/kunst-energie-regenbogen.de\/shop\/produkt\/unikat-schmuckkunst-oder-kleinskulptur-nach-ihren-vorstellungen\/","title":{"rendered":"Unikat-Schmuckkunst oder Kleinskulptur nach Ihren Vorstellungen"},"content":{"rendered":"<p>Sie haben eine Idee, die sie als Unikat-Schmuckkunst oder Kleinskulptur nach Ihren Vorstellungen umsetzen wollen? Sie m\u00f6chten etwas ganz pers\u00f6nliches f\u00fcr Ihre Liebsten oder f\u00fcr sich selbst?<\/p>\n<p>In Zusammenarbeit mit der Designerin und K\u00fcnstlerin Petra Wenski-H\u00e4nisch k\u00f6nnen Sie Ihre eigenen Ideen oder Entw\u00fcrfe als Unikat-Schmuckkunst oder Kleinskulptur nach Ihren Vorstellungen umsetzen. Gemeinsam werden Sie die Idee weiterentwickeln bis das Modell des zuk\u00fcnftigen Schmuckst\u00fcckes oder der Skulptur ganz Ihren Vorstellungen entspricht.<\/p>\n<p>Finden Sie bildliche Beispiele hier, der Ideenvielfalt sind keine Grenzen gesetzt. Zum Beispiel k\u00f6nnen Sie Ihre Krafttiere als Schmuckst\u00fcck realisieren, oder Ihr pers\u00f6nliches oder famili\u00e4res Symbol oder Wappen, ein Symbol f\u00fcr Ihr Hobby oder Ihre Passion oder auch Ihre Religion. Nat\u00fcrlich kann die K\u00fcnstlerin Sie auch schon beim Entwurf einer pers\u00f6nlichen Symbolik unterst\u00fctzen.<\/p>\n<p>Da dies ein sehr flexibles Angebot ist richtet sich der Preis nach Zeit- und Materialaufwand. Sprechen Sie mit uns und schildern Sie uns Ihre Vorstellungen.<\/p>\n<p>Sie k\u00f6nnen uns gerne kontaktieren unter<\/p>\n<p>Mobil: 0176-72409840<br \/>\nMail: <a href=\"mailto:info@kunst-energie-regenbogen.de\" target=\"_blank\" rel=\"noopener noreferrer\">info@kunst-energie-regenbogen.de<\/a><\/p>\n<p>&nbsp;<\/p>\n","protected":false},"excerpt":{"rendered":"<p>In Zusammenarbeit mit der Designerin und K\u00fcnstlerin Petra Wenski-H\u00e4nisch k\u00f6nnen Sie Ihre eigenen Ideen oder Entw\u00fcrfe als Unikat-Schmuckkunst oder Kleinskulptur nach Ihren Vorstellungen umsetzen. Preis richtet sich nach Zeit- und Materialaufwand.<\/p>\n","protected":false},"featured_media":379,"template":"","meta":[],"product_brand":[],"product_cat":[44,38,37],"product_tag":[60,54,57,56,65,55,63,64,62,61,59,58],"class_list":{"0":"post-378","1":"product","2":"type-product","3":"status-publish","4":"has-post-thumbnail","6":"product_cat-petra-wenski-haenisch","7":"product_cat-schmuck","8":"product_cat-skulpturen","9":"product_tag-krafttiere","10":"product_tag-schmuck","11":"product_tag-schmuckkunst","12":"product_tag-silberschmuck","13":"product_tag-silbersymbole","14":"product_tag-skulptur","15":"product_tag-symbole","16":"product_tag-symbolschmuck","17":"product_tag-tierschmuck","18":"product_tag-tierskulpturen","19":"product_tag-unikat","20":"product_tag-unikat-schmuck","22":"first","23":"instock","24":"virtual","25":"purchasable","26":"product-type-simple"},"jetpack_sharing_enabled":true,"_links":{"self":[{"href":"https:\/\/kunst-energie-regenbogen.de\/shop\/wp-json\/wp\/v2\/product\/378","targetHints":{"allow":["GET"]}}],"collection":[{"href":"https:\/\/kunst-energie-regenbogen.de\/shop\/wp-json\/wp\/v2\/product"}],"about":[{"href":"https:\/\/kunst-energie-regenbogen.de\/shop\/wp-json\/wp\/v2\/types\/product"}],"wp:featuredmedia":[{"embeddable":true,"href":"https:\/\/kunst-energie-regenbogen.de\/shop\/wp-json\/wp\/v2\/media\/379"}],"wp:attachment":[{"href":"https:\/\/kunst-energie-regenbogen.de\/shop\/wp-json\/wp\/v2\/media?parent=378"}],"wp:term":[{"taxonomy":"product_brand","embeddable":true,"href":"https:\/\/kunst-energie-regenbogen.de\/shop\/wp-json\/wp\/v2\/product_brand?post=378"},{"taxonomy":"product_cat","embeddable":true,"href":"https:\/\/kunst-energie-regenbogen.de\/shop\/wp-json\/wp\/v2\/product_cat?post=378"},{"taxonomy":"product_tag","embeddable":true,"href":"https:\/\/kunst-energie-regenbogen.de\/shop\/wp-json\/wp\/v2\/product_tag?post=378"}],"curies":[{"name":"wp","href":"https:\/\/api.w.org\/{rel}","templated":true}]}}