{"id":360,"date":"2020-05-30T20:53:32","date_gmt":"2020-05-30T18:53:32","guid":{"rendered":"http:\/\/kunst-energie-regenbogen.de\/shop\/?post_type=product&#038;p=360"},"modified":"2020-06-02T21:25:35","modified_gmt":"2020-06-02T19:25:35","slug":"unikat-silber-schmuckkunst-in-rosenform-von-petra-wenski-haenisch","status":"publish","type":"product","link":"https:\/\/kunst-energie-regenbogen.de\/shop\/produkt\/unikat-silber-schmuckkunst-in-rosenform-von-petra-wenski-haenisch\/","title":{"rendered":"Unikat-Silber-Schmuckkunst in Rosenform von Petra Wenski-H\u00e4nisch"},"content":{"rendered":"<p>Unikat-Silber-Schmuckkunst in Rosenform von Petra Wenski-H\u00e4nisch<\/p>\n<p>Anh\u00e4nger, Ring, Ohrringe, Rosenoptik, echt Silber<\/p>\n<p>Die Rose hat die Bedeutung der Liebe und entwickelt sich wie jede Bl\u00fcte von der Knospe bis zur pr\u00e4chtig duftenden Rose. Die Kunstwerke von Petra Wenski-H\u00e4nisch reflektieren sich aus dem Ursprung des Lebens, so auch dieses Unikat-Silber-Schmuckkunst-Set. In die Rosen kann man auch Liebeserkl\u00e4rungen gesprochen einbetten und dann verschenken oder weitergeben zu besonderen Anl\u00e4ssen.<br \/>\nDie Rosen k\u00f6nnen vielseitig getragen werden.<\/p>\n<p>Wenn gew\u00fcnscht kann auch eine Gravur aufgebracht werden.<\/p>\n","protected":false},"excerpt":{"rendered":"<p>Unikat-Silber-Schmuckkunst in Rosenform von Petra Wenski-H\u00e4nisch<\/p>\n<p>Anh\u00e4nger, Ring, Armband, Rosenoptik, Silber.<\/p>\n","protected":false},"featured_media":371,"template":"","meta":[],"product_brand":[],"product_cat":[44,38],"product_tag":[],"class_list":{"0":"post-360","1":"product","2":"type-product","3":"status-publish","4":"has-post-thumbnail","6":"product_cat-petra-wenski-haenisch","7":"product_cat-schmuck","8":"product_shipping_class-versandklein","10":"first","11":"instock","12":"sold-individually","13":"shipping-taxable","14":"purchasable","15":"product-type-variable"},"jetpack_sharing_enabled":true,"_links":{"self":[{"href":"https:\/\/kunst-energie-regenbogen.de\/shop\/wp-json\/wp\/v2\/product\/360","targetHints":{"allow":["GET"]}}],"collection":[{"href":"https:\/\/kunst-energie-regenbogen.de\/shop\/wp-json\/wp\/v2\/product"}],"about":[{"href":"https:\/\/kunst-energie-regenbogen.de\/shop\/wp-json\/wp\/v2\/types\/product"}],"wp:featuredmedia":[{"embeddable":true,"href":"https:\/\/kunst-energie-regenbogen.de\/shop\/wp-json\/wp\/v2\/media\/371"}],"wp:attachment":[{"href":"https:\/\/kunst-energie-regenbogen.de\/shop\/wp-json\/wp\/v2\/media?parent=360"}],"wp:term":[{"taxonomy":"product_brand","embeddable":true,"href":"https:\/\/kunst-energie-regenbogen.de\/shop\/wp-json\/wp\/v2\/product_brand?post=360"},{"taxonomy":"product_cat","embeddable":true,"href":"https:\/\/kunst-energie-regenbogen.de\/shop\/wp-json\/wp\/v2\/product_cat?post=360"},{"taxonomy":"product_tag","embeddable":true,"href":"https:\/\/kunst-energie-regenbogen.de\/shop\/wp-json\/wp\/v2\/product_tag?post=360"}],"curies":[{"name":"wp","href":"https:\/\/api.w.org\/{rel}","templated":true}]}}