{"id":347,"date":"2020-05-30T20:13:01","date_gmt":"2020-05-30T18:13:01","guid":{"rendered":"http:\/\/kunst-energie-regenbogen.de\/shop\/?post_type=product&#038;p=347"},"modified":"2020-05-30T20:13:01","modified_gmt":"2020-05-30T18:13:01","slug":"unikat-silber-schmuckkunst-in-blattform-von-petra-wenski-haenisch","status":"publish","type":"product","link":"https:\/\/kunst-energie-regenbogen.de\/shop\/produkt\/unikat-silber-schmuckkunst-in-blattform-von-petra-wenski-haenisch\/","title":{"rendered":"Unikat-Silber-Schmuckkunst in Blattform von Petra Wenski-H\u00e4nisch"},"content":{"rendered":"<p>Unikat-Silber-Schmuckkunst in Blattform von Petra Wenski-H\u00e4nisch: Anh\u00e4nger, Armband und Ring in Blattoptik. Silber, gegossen, handarbeit.<\/p>\n<p>Anh\u00e4nger ca. 11cm lang, Armband ca. 6cm Durchmesser, Ring variabler Durchmesser<\/p>\n<p>Das Silberblatt hat die Bedeutung des Schutzes der Natur, resultierend aus dem immergr\u00fcnen starken zweiseitigen Blatt aus der Gruppe der Zwergmispeln.<br \/>\nSymbolik: Die wundervollen Silberbl\u00e4tter symbolisieren den Schutz der Natur, die uns besch\u00fctzt, n\u00e4hrt, beh\u00fctet, Kraft gibt und heilt und sind so wertvoll f\u00fcr Seele\/Geist\/K\u00f6rper. Die Kunstwerke von Petra Wenski-H\u00e4nisch reflektieren sich aus dem Ursprung des Lebens, so auch dieses Unikat-Silber-Schmuckkunst-Set. In die Bl\u00e4tter kann man auch gute W\u00fcnsche gesprochen einbetten und dann verschenken oder weitergeben zu besonderen Anl\u00e4ssen. Die kostbaren Silberbl\u00e4tter eignen sich auch als Symbol f\u00fcr den Stammbaum der Familie, z.B. zur Geburt.<br \/>\nDie Silberbl\u00e4tter passen zu jedem Typ, egal, welches Geschlecht, welches Alter und k\u00f6nnen vielseitig getragen werden.<\/p>\n<p>Wenn gew\u00fcnscht kann auch eine Gravur aufgebracht werden.<\/p>\n","protected":false},"excerpt":{"rendered":"<p>Unikat-Silber-Schmuckkunst-Set in Blattoptik. Silber, gegossen, handarbeit.<\/p>\n","protected":false},"featured_media":357,"template":"","meta":[],"product_brand":[],"product_cat":[44,38],"product_tag":[],"class_list":{"0":"post-347","1":"product","2":"type-product","3":"status-publish","4":"has-post-thumbnail","6":"product_cat-petra-wenski-haenisch","7":"product_cat-schmuck","8":"product_shipping_class-versandklein","10":"first","11":"instock","12":"sold-individually","13":"shipping-taxable","14":"purchasable","15":"product-type-variable"},"jetpack_sharing_enabled":true,"_links":{"self":[{"href":"https:\/\/kunst-energie-regenbogen.de\/shop\/wp-json\/wp\/v2\/product\/347","targetHints":{"allow":["GET"]}}],"collection":[{"href":"https:\/\/kunst-energie-regenbogen.de\/shop\/wp-json\/wp\/v2\/product"}],"about":[{"href":"https:\/\/kunst-energie-regenbogen.de\/shop\/wp-json\/wp\/v2\/types\/product"}],"wp:featuredmedia":[{"embeddable":true,"href":"https:\/\/kunst-energie-regenbogen.de\/shop\/wp-json\/wp\/v2\/media\/357"}],"wp:attachment":[{"href":"https:\/\/kunst-energie-regenbogen.de\/shop\/wp-json\/wp\/v2\/media?parent=347"}],"wp:term":[{"taxonomy":"product_brand","embeddable":true,"href":"https:\/\/kunst-energie-regenbogen.de\/shop\/wp-json\/wp\/v2\/product_brand?post=347"},{"taxonomy":"product_cat","embeddable":true,"href":"https:\/\/kunst-energie-regenbogen.de\/shop\/wp-json\/wp\/v2\/product_cat?post=347"},{"taxonomy":"product_tag","embeddable":true,"href":"https:\/\/kunst-energie-regenbogen.de\/shop\/wp-json\/wp\/v2\/product_tag?post=347"}],"curies":[{"name":"wp","href":"https:\/\/api.w.org\/{rel}","templated":true}]}}