{"id":1309,"date":"2026-03-15T21:37:49","date_gmt":"2026-03-15T20:37:49","guid":{"rendered":"https:\/\/kunst-energie-regenbogen.de\/shop\/?post_type=product&#038;p=1309"},"modified":"2026-03-15T21:49:54","modified_gmt":"2026-03-15T20:49:54","slug":"cursus-cursus-natuerlich-natuerlich-vogel-im-fokus","status":"publish","type":"product","link":"https:\/\/kunst-energie-regenbogen.de\/shop\/produkt\/cursus-cursus-natuerlich-natuerlich-vogel-im-fokus\/","title":{"rendered":"CURSUS CURSUS \/ nat\u00fcrlich nat\u00fcrlich &#8211; Vogel im Fokus"},"content":{"rendered":"<h2>CURSUS CURSUS \/ nat\u00fcrlich nat\u00fcrlich &#8211; Gem\u00e4lde \/ Druck<\/h2>\n<h3>Serie, Unikat-Variation: Vogel im Fokus<\/h3>\n<p>80 cm x 80 cm<\/p>\n<p>Original: Mischtechnik &#8211; Glanzharz auf Leinwand<\/p>\n<p>Drucke: Leinwand, Acrylglas, Fotoposter<\/p>\n","protected":false},"excerpt":{"rendered":"<h2>CURSUS CURSUS \/ nat\u00fcrlich nat\u00fcrlich &#8211; Gem\u00e4lde \/ Druck<\/h2>\n<p>Serie, Unikat-Variation \/ Druck: Vogel im Fokus<br \/>\n80 cm x 80 cm<\/p>\n","protected":false},"featured_media":1321,"template":"","meta":[],"product_brand":[],"product_cat":[36,16,44],"product_tag":[],"class_list":{"0":"post-1309","1":"product","2":"type-product","3":"status-publish","4":"has-post-thumbnail","6":"product_cat-bilder","7":"product_cat-digitaldruck","8":"product_cat-petra-wenski-haenisch","10":"first","11":"instock","12":"shipping-taxable","13":"purchasable","14":"product-type-variable"},"jetpack_sharing_enabled":true,"_links":{"self":[{"href":"https:\/\/kunst-energie-regenbogen.de\/shop\/wp-json\/wp\/v2\/product\/1309","targetHints":{"allow":["GET"]}}],"collection":[{"href":"https:\/\/kunst-energie-regenbogen.de\/shop\/wp-json\/wp\/v2\/product"}],"about":[{"href":"https:\/\/kunst-energie-regenbogen.de\/shop\/wp-json\/wp\/v2\/types\/product"}],"wp:featuredmedia":[{"embeddable":true,"href":"https:\/\/kunst-energie-regenbogen.de\/shop\/wp-json\/wp\/v2\/media\/1321"}],"wp:attachment":[{"href":"https:\/\/kunst-energie-regenbogen.de\/shop\/wp-json\/wp\/v2\/media?parent=1309"}],"wp:term":[{"taxonomy":"product_brand","embeddable":true,"href":"https:\/\/kunst-energie-regenbogen.de\/shop\/wp-json\/wp\/v2\/product_brand?post=1309"},{"taxonomy":"product_cat","embeddable":true,"href":"https:\/\/kunst-energie-regenbogen.de\/shop\/wp-json\/wp\/v2\/product_cat?post=1309"},{"taxonomy":"product_tag","embeddable":true,"href":"https:\/\/kunst-energie-regenbogen.de\/shop\/wp-json\/wp\/v2\/product_tag?post=1309"}],"curies":[{"name":"wp","href":"https:\/\/api.w.org\/{rel}","templated":true}]}}