{"id":1301,"date":"2026-03-13T18:03:18","date_gmt":"2026-03-13T17:03:18","guid":{"rendered":"https:\/\/kunst-energie-regenbogen.de\/shop\/?post_type=product&#038;p=1301"},"modified":"2026-03-13T18:03:18","modified_gmt":"2026-03-13T17:03:18","slug":"sonnenfenster","status":"publish","type":"product","link":"https:\/\/kunst-energie-regenbogen.de\/shop\/produkt\/sonnenfenster\/","title":{"rendered":"Sonnenfenster"},"content":{"rendered":"<h2>Sonnenfenster &#8211; Gem\u00e4lde<\/h2>\n<p>Im Original: Acryl auf Leinwand<br \/>\nK\u00fcnstlerin: Petra Wenski-H\u00e4nisch<br \/>\nGr\u00f6\u00dfe: 100 x 80 cm<\/p>\n<p>Ein sanfter Sonnenuntergang spiegelt sich in den stillen Wassern eines Sees \u2013 getragen von k\u00fchlen Blaut\u00f6nen, die Ruhe und Tiefe ausstrahlen. Hinter den Bergen versinkt das Licht langsam, w\u00e4hrend im Vordergrund ein offenes Fenster den Blick nach drau\u00dfen lenkt \u2013 wie eine Einladung, in die Weite einzutauchen.<br \/>\nDieses Acrylgem\u00e4lde vereint Sehnsucht und Stille, Natur und Innenwelt \u2013 ein Moment zwischen Traum und Wirklichkeit, der jeden Raum in eine Atmosph\u00e4re stiller Sch\u00f6nheit taucht.<\/p>\n<p>Petra Wenski-H\u00e4nisch lebt in Konstanz am Bodensee und hat dort auch ihr Atelier.<\/p>\n","protected":false},"excerpt":{"rendered":"<p>Sonnenfenster &#8211; Gem\u00e4lde<\/p>\n<p>Im Original: Acryl auf Leinwand<br \/>\nAls Druck: Leinwand oder Acrylglas<br \/>\nK\u00fcnstlerin: Petra Wenski-H\u00e4nisch<br \/>\nGr\u00f6\u00dfe: 100 x 80 cm<\/p>\n","protected":false},"featured_media":1307,"template":"","meta":[],"product_brand":[],"product_cat":[47,36,16,44],"product_tag":[],"class_list":{"0":"post-1301","1":"product","2":"type-product","3":"status-publish","4":"has-post-thumbnail","6":"product_cat-acryl-auf-leinwand","7":"product_cat-bilder","8":"product_cat-digitaldruck","9":"product_cat-petra-wenski-haenisch","11":"first","12":"instock","13":"shipping-taxable","14":"purchasable","15":"product-type-variable"},"jetpack_sharing_enabled":true,"_links":{"self":[{"href":"https:\/\/kunst-energie-regenbogen.de\/shop\/wp-json\/wp\/v2\/product\/1301","targetHints":{"allow":["GET"]}}],"collection":[{"href":"https:\/\/kunst-energie-regenbogen.de\/shop\/wp-json\/wp\/v2\/product"}],"about":[{"href":"https:\/\/kunst-energie-regenbogen.de\/shop\/wp-json\/wp\/v2\/types\/product"}],"wp:featuredmedia":[{"embeddable":true,"href":"https:\/\/kunst-energie-regenbogen.de\/shop\/wp-json\/wp\/v2\/media\/1307"}],"wp:attachment":[{"href":"https:\/\/kunst-energie-regenbogen.de\/shop\/wp-json\/wp\/v2\/media?parent=1301"}],"wp:term":[{"taxonomy":"product_brand","embeddable":true,"href":"https:\/\/kunst-energie-regenbogen.de\/shop\/wp-json\/wp\/v2\/product_brand?post=1301"},{"taxonomy":"product_cat","embeddable":true,"href":"https:\/\/kunst-energie-regenbogen.de\/shop\/wp-json\/wp\/v2\/product_cat?post=1301"},{"taxonomy":"product_tag","embeddable":true,"href":"https:\/\/kunst-energie-regenbogen.de\/shop\/wp-json\/wp\/v2\/product_tag?post=1301"}],"curies":[{"name":"wp","href":"https:\/\/api.w.org\/{rel}","templated":true}]}}