{"id":1284,"date":"2025-10-03T14:19:04","date_gmt":"2025-10-03T12:19:04","guid":{"rendered":"https:\/\/kunst-energie-regenbogen.de\/shop\/?post_type=product&#038;p=1284"},"modified":"2026-02-26T20:41:06","modified_gmt":"2026-02-26T19:41:06","slug":"foerderabonnement-see-haesin","status":"publish","type":"product","link":"https:\/\/kunst-energie-regenbogen.de\/shop\/produkt\/foerderabonnement-see-haesin\/","title":{"rendered":"F\u00f6rderabonnement &#8211; Kunst-Informationen zur See-H\u00e4sin"},"content":{"rendered":"<h3><strong>F\u00f6rderabonnement mit Kunst-Informationen zur See-H\u00e4sin:<\/strong><\/h3>\n<p>Gern kann sich f\u00fcr das F\u00f6rderabonnement angemeldet werden und damit bekommt man <strong>das ART-Journal \u201eSee-H\u00e4sin und mehr\u2026\u201c.<\/strong> Mit einem j\u00e4hrlichen Beitrag von 60 \u20ac im Voraus wird der Vorteil genossen \u00fcber das jeweilige Erscheinen der Monatsausgabe per E-Mail informiert zu sein. Das Abonnement kann zum Jahresende einfach per Mail an <a href=\"mailto:info@kunst-energie-regenbogen.de\">info@kunst-energie-regenbogen.de<\/a> bis zum 21.Dezember gek\u00fcndigt werden.<br \/>\nVielen Dank f\u00fcr Ihr Interesse und Ihre Unterst\u00fctzung!<\/p>\n<p>Die K\u00fcnstlerin, Erfinderin, Erschafferin der See-H\u00e4sin im Copyright Petra Wenski-H\u00e4nisch bedankt sich sehr.<\/p>\n","protected":false},"excerpt":{"rendered":"<p>F\u00f6rderabonnement mit Kunst-Informationen zur See-H\u00e4sin<\/p>\n","protected":false},"featured_media":1285,"template":"","meta":[],"product_brand":[],"product_cat":[44,72],"product_tag":[],"class_list":{"0":"post-1284","1":"product","2":"type-product","3":"status-publish","4":"has-post-thumbnail","6":"product_cat-petra-wenski-haenisch","7":"product_cat-see-haesin","9":"first","10":"instock","11":"virtual","12":"purchasable","13":"product-type-simple"},"jetpack_sharing_enabled":true,"_links":{"self":[{"href":"https:\/\/kunst-energie-regenbogen.de\/shop\/wp-json\/wp\/v2\/product\/1284","targetHints":{"allow":["GET"]}}],"collection":[{"href":"https:\/\/kunst-energie-regenbogen.de\/shop\/wp-json\/wp\/v2\/product"}],"about":[{"href":"https:\/\/kunst-energie-regenbogen.de\/shop\/wp-json\/wp\/v2\/types\/product"}],"wp:featuredmedia":[{"embeddable":true,"href":"https:\/\/kunst-energie-regenbogen.de\/shop\/wp-json\/wp\/v2\/media\/1285"}],"wp:attachment":[{"href":"https:\/\/kunst-energie-regenbogen.de\/shop\/wp-json\/wp\/v2\/media?parent=1284"}],"wp:term":[{"taxonomy":"product_brand","embeddable":true,"href":"https:\/\/kunst-energie-regenbogen.de\/shop\/wp-json\/wp\/v2\/product_brand?post=1284"},{"taxonomy":"product_cat","embeddable":true,"href":"https:\/\/kunst-energie-regenbogen.de\/shop\/wp-json\/wp\/v2\/product_cat?post=1284"},{"taxonomy":"product_tag","embeddable":true,"href":"https:\/\/kunst-energie-regenbogen.de\/shop\/wp-json\/wp\/v2\/product_tag?post=1284"}],"curies":[{"name":"wp","href":"https:\/\/api.w.org\/{rel}","templated":true}]}}