{"id":1197,"date":"2024-06-27T20:35:06","date_gmt":"2024-06-27T18:35:06","guid":{"rendered":"https:\/\/kunst-energie-regenbogen.de\/shop\/?post_type=product&#038;p=1197"},"modified":"2026-02-26T20:53:36","modified_gmt":"2026-02-26T19:53:36","slug":"musikbild-das-regenbogenlied","status":"publish","type":"product","link":"https:\/\/kunst-energie-regenbogen.de\/shop\/produkt\/musikbild-das-regenbogenlied\/","title":{"rendered":"Musikbild &#8222;Das Regenbogenbild&#8220;"},"content":{"rendered":"<h1>Das Regenbogenlied<\/h1>\n<p>Die Regenbogen begleitet die K\u00fcnstlerin und Autorin Petra Wenski-H\u00e4nisch schon lange und ist auch Namens- und Impulsgeber f\u00fcr ihr Atelier und ihre Energiepraxis. Das Regenbogenlied ist das erste gemeinsame Projekt von Petra Wenski-H\u00e4nisch mit dem Liedermacher Thomas Felger, der dieses Komponiert hat und auch den Text geschrieben hat. Die Inspiration f\u00fcr den Text des Liedes entspringt dem Wunsch von Petra Wenski-H\u00e4nisch f\u00fcr ein Lied zum Regenbogen.<br \/>\nSie k\u00f6nnen das Musikbild in einem Glasbilderahmen hervorheben und damit einen Lieblingsplatz in ihren R\u00e4umen geben. Sie k\u00f6nnen das Musikvideo \u00fcber den Link unten auf dieser Seite herunter laden und es auf ihren Ger\u00e4ten, wie Handy, Computer oder Fernseher abspielen. Viel Freude in jedem Fall von Thomas Felger \u2013 Liedermacher und von Petra Wenski-H\u00e4nisch \u2013 K\u00fcnstlerin. Beide haben auf der R\u00fcckseite des Musikbildes unterschrieben.<br \/>\nWir freuen uns sehr, dass sie unsere Kunst mit ihrem Kauf unterst\u00fctzt haben und wir beide bedanken uns bei ihnen sehr daf\u00fcr. Danke. Danke.<\/p>\n<p>Ausschnitt aus dem Regenbogenlied:<\/p>\n<div style=\"width: 980px;\" class=\"wp-video\"><!--[if lt IE 9]><script>document.createElement('video');<\/script><![endif]-->\n<video class=\"wp-video-shortcode\" id=\"video-1197-1\" width=\"980\" height=\"551\" preload=\"metadata\" controls=\"controls\"><source type=\"video\/mp4\" src=\"https:\/\/kunst-energie-regenbogen.de\/shop\/wp-content\/uploads\/2024\/06\/Thomas-Felger-Regenbogen-Teaser.mp4?_=1\" \/><a href=\"https:\/\/kunst-energie-regenbogen.de\/shop\/wp-content\/uploads\/2024\/06\/Thomas-Felger-Regenbogen-Teaser.mp4\">https:\/\/kunst-energie-regenbogen.de\/shop\/wp-content\/uploads\/2024\/06\/Thomas-Felger-Regenbogen-Teaser.mp4<\/a><\/video><\/div>\n<h1>Thomas Felger, Liedermacher<\/h1>\n<p>Das Regenbogenlied wurde auf Impuls von Petra Wenski-H\u00e4nisch von Thomas Felger\u00a0komponiert. Thomas Felger ist ein Liedermacher in Leonberg, der sowohl Gedichte bekannter englischsprachiger und deutschsprachiger Dichter, sowie seine eigene deutschsprachige Lyrik zu Folksongs vertont hat. Er komponiert poetische Lieder auf hochdeutsch, sowie derb &#8211; humorvolle Lieder in schw\u00e4bischer Mundart. Seine emotionsgeladenen Texte und sein authentischer, musikalischer Vortrag, gehen eine wirkungsvolle Symbiose ein und ziehen Zuh\u00f6rer jeden Alters in ihren Bann.<br \/>\nIn der Kooperation mit Petra Wenski-H\u00e4nisch hat Thomas Felger zuerst das Regenbogen Lied f\u00fcr eine Vernissage von Petra Wenski-H\u00e4nisch geschrieben und dann wurde die Zusammenarbeit zu weiteren und neuen Kunstwerke in Musik und Bild weiterverfolgt. Zu den See-H\u00e4sin Geschichten hat er bereits drei See-H\u00e4sin Lieder geschrieben und gespielt.<br \/>\nMomentan nutzt Thomas die M\u00f6glichkeiten der zur Verf\u00fcgung stehenden Technik, die ihm, neben seinem Brot-Job, wie er es nennt, zur Verf\u00fcgung stehenden freien Zeit und die finanziellen Mittel, um die Produktion zu gestalten.<br \/>\nThomas und Petra wollen noch zu den momentan 8 Energie-Geschichten zur See-H\u00e4sin, weitere Lieder haben, damit die See-H\u00e4sin und die klingenden T\u00f6ne \u00fcber sie zu einer CD zusammengefasst werden k\u00f6nnen. Au\u00dferdem k\u00f6nnen sich beide ein Musical zu ihr gut vorstellen. Es ist spannend, wie es gehen kann, daf\u00fcr weitere Mitwirkende mit passender Lokation und mit passender Finanzierung dazu zu haben.<br \/>\nBei unserer Ausstellung im Konstanzer Konzil, sagte die Stadtr\u00e4tin Frau Gisela Kusche, die zur Vernissage stellvertretend f\u00fcr den OB in Konstanz unsere \u201eKunst am See-Hafen\u201c er\u00f6ffnet hat, dass sie sich ein Musical zur See-H\u00e4sin mit den komponierten Liedern gut mit der Fr\u00f6hlichkeit und zur Freude vorstellen kann.<\/p>\n<h1>Petra Wenski-H\u00e4nisch, die K\u00fcnstlerin am Bodensee<\/h1>\n<p>In einem Interview erz\u00e4hlte die K\u00fcnstlerin, dass ihr bereits in ihrer Kindheit gesagt wurde, dass sie voller Ideen ist und in der Umsetzung ihrer Kreativit\u00e4t gro\u00dfes Geschick zeigt. Das war auch in der Schule so, was sich auch bei den Noten in den kreativen F\u00e4chern bemerkbar machte.<br \/>\nSo war es naheliegend, dass sie als Abiturientin f\u00fcr ihre Zukunft die Erweiterung ihrer Talente in der Kreativit\u00e4t als Studium w\u00e4hlte. So hatte sie die M\u00f6glichkeit viele Kunstrichtungen kennenzulernen und in vielen F\u00e4chern verschiedene Techniken innerhalb von 5 Jahren Studium in Trier zu vertiefen. Danach war sie Jahrzehnte lang Art-Direktorin bevor sie sich der Kunst ganz und gar widmete.<br \/>\nSie ist in vielen Kunstvereinen aktiv und hat bei vielen Gemeinschaftsausstellungen mitgewirkt. In Einzelausstellungen als freischaffende K\u00fcnstlerin hat sie im \u00f6ffentlichen Bereich durch ihre Vielseitigkeit \u00fcberzeugt.<br \/>\nSie hat ihren 3-monatigen Kunstaufenthalt in Boston\/USA genossen und ihre Exponate bei Ausstellungen im In-\/Ausland gezeigt. Den Kunstpreis 1. Platz Bildhauerei hat sie bei ART-Stages Freiburg erhalten.<br \/>\nAls Dozentin gab sie Kunstunterricht in Schulen und Kunstschulen, der Lebenshilfe und an F\u00f6rderschulen.<br \/>\nAls Konzeptk\u00fcnstlerin beteiligte sie sich an mehreren \u00f6ffentlichen Kunstprojekten: Bei der Biennale Sindelfingen \u2013 Kunst am Denkmalgesch\u00fctzen Haus, im Amtsgericht Stuttgart, im Haus der Wirtschaft-Stuttgart, in der St\u00e4dtische Galerie Sindelfingen, in der Kirche\/Hofgut Mauren und beim Symposium Wandelhalle in B\u00f6blingen.<br \/>\nIn Konstanz-Dingelsdorf am Bodenseeufer hat sie ihre freie Akademie mit Atelier\/Galerie\/Energiepraxis \u201eRegenbogen\u201c, in der sie beide Energiefelder, von Kunst und Energie, mit einbezieht. Bei der K\u00fcnstlerin haben die Spektralfarben, die im Symbol des Regenbogens gesehen werden, die Bedeutung des Energiespektrums, angewendet in der Farblehre und verf\u00fcgbar in der Kunstanwendung. Ebenso sind die Spektralfarben f\u00fcr sie als Energiefrequenzen mit Farbschwingungen in der Energiepraxis zu betrachten. Farb- und Formenspiele k\u00f6nnen in der Wirkung in sogenannten Bovis-Einheiten, Messeinheit f\u00fcr Lebensenergie gemessen werden und tragen zur Lebensvitalit\u00e4t bei.<br \/>\nDie Angebote von Petra Wenski-H\u00e4nisch resultieren aus ihrer Berufung im Bewusstsein und beinhalten die Weitergabe von studiertem Wissen und der Umsetzung der Erfahrungen in der Praxis. In ihrer Kunst- und Energiepraxis bietet sie effiziente, akademische Kurse und Coachings an.<br \/>\nAls Organisatorin verwirklicht sie Kunst- und Kultur-Ausstellungen in Burgen, Schl\u00f6ssern, Villen und \u00f6ffentlichen Kultur Einrichtungen.<br \/>\nSie bindet als Spendenprojektorganisatorin ehrenamtliche Spendenprojekte f\u00fcr \u00f6ffentliche soziale Institutionen mit in ihr Wirken ein. So erh\u00e4lt aktuell z. B. das Kinder-Jugend-Hospiz in Konstanz einen Anteil verschiedener Verk\u00e4ufe.<br \/>\nAls Autorin hat sie zur Vielf\u00e4ltigkeit ihres Kunstausdrucks den Ausdruck der Wortsprache f\u00fcr Kunst-Energie-B\u00fccher hinzugef\u00fcgt. Darin ist die Verschmelzung von Kunst-Energie-Regenbogen in Form von Illustrationen, Gem\u00e4lden, Poesie, Erz\u00e4hlungen, Fachwissen und Sachverstand zu entdecken. Sie bietet die Unterst\u00fctzung zu kreativem Handeln als eine M\u00f6glichkeit zur Kraftsch\u00f6pfung f\u00fcr Seele, Geist und K\u00f6rper.<br \/>\nF\u00fcr die Exponate und die Literatur hat sie Idee und Phantasie unterst\u00fctzend durch die urspr\u00fcnglichen Dinge des Lebens, die aus der Natur stammen und von ihr beobachtet und studiert werden, mit eingebunden. Entsprechend ihrer Philosophie \u201eUrsprung des Lebens\u201c &#8211; in inniger Verbundenheit, entnimmt die K\u00fcnstlerin und Autorin aufschlussreiche Impulse und Inspirationen, f\u00fcr ihre sich stark und nat\u00fcrlich ausdr\u00fcckende Kunst, aus den nat\u00fcrlichen Widerspiegelungen aller ihr bekannten Lebenszyklen im Kreislauf der Natur.<br \/>\nDem Betrachter bietet die K\u00fcnstlerin, in ihrer gew\u00e4hlten Bildsprache im Bereich Malerei die Vielfalt der Urspr\u00fcnglichkeit, der nat\u00fcrlichen Natur, hier am See. Die Botschaften in ihren Gem\u00e4lden sind \u00fcber die energievollen Farben des Regenbogens in emotionaler phantastischer Formenvielfalt, teilweise real und teilweise abstrakt surrealistisch ausgedr\u00fcckt.<br \/>\nIhre Exponate im Bereich Bildhauerei sind einzigartig entstandene Phantasie-Skulpturen aus Bronze und Silber, die sie teilweise in der Vervielf\u00e4ltigung mit detailver\u00e4nderten Versionen in verschiedenen Materialien gestaltet und diese damit wiederum zu Unikaten macht. Ihre Exponate im Bereich Malerei sind haptisch aufwendig geschaffene Kunstwerke, die teilweise in Serie mit Mischtechnik als Unikat entwickelt sind.<br \/>\nIn der geschriebenen Sprache der Worte \u00fcbersetzt sie in ihren literarischen Kreationen, bildhaft und f\u00fchlbar, die Emotionen und die Energie, die aus der Liebe zur Natur entstanden sind, in tiefblickende Geschichten.<br \/>\n<a class=\"Footer_Link\" href=\"https:\/\/kunst-energie-regenbogen.de\" target=\"_blank\" rel=\"noopener\">kunst-energie-regenbogen.de<\/a><\/p>\n","protected":false},"excerpt":{"rendered":"<h2>Musikbild &#8222;Das Regenbogenlied&#8220;<\/h2>\n<p>Das Musikbild ist kreiert von der K\u00fcnstlerin Petra Wenski-H\u00e4nisch. Auf dem Bild ist ein QR-Code, dieser f\u00fchrt zur zugeh\u00f6rigen Musik, in diesem Fall &#8222;Das Regenbogenlied&#8220; vom Musiker Thomas Felger.<\/p>\n","protected":false},"featured_media":1204,"template":"","meta":[],"product_brand":[],"product_cat":[36,16,81],"product_tag":[],"class_list":{"0":"post-1197","1":"product","2":"type-product","3":"status-publish","4":"has-post-thumbnail","6":"product_cat-bilder","7":"product_cat-digitaldruck","8":"product_cat-musik","10":"first","11":"instock","12":"shipping-taxable","13":"purchasable","14":"product-type-simple"},"jetpack_sharing_enabled":true,"_links":{"self":[{"href":"https:\/\/kunst-energie-regenbogen.de\/shop\/wp-json\/wp\/v2\/product\/1197","targetHints":{"allow":["GET"]}}],"collection":[{"href":"https:\/\/kunst-energie-regenbogen.de\/shop\/wp-json\/wp\/v2\/product"}],"about":[{"href":"https:\/\/kunst-energie-regenbogen.de\/shop\/wp-json\/wp\/v2\/types\/product"}],"wp:featuredmedia":[{"embeddable":true,"href":"https:\/\/kunst-energie-regenbogen.de\/shop\/wp-json\/wp\/v2\/media\/1204"}],"wp:attachment":[{"href":"https:\/\/kunst-energie-regenbogen.de\/shop\/wp-json\/wp\/v2\/media?parent=1197"}],"wp:term":[{"taxonomy":"product_brand","embeddable":true,"href":"https:\/\/kunst-energie-regenbogen.de\/shop\/wp-json\/wp\/v2\/product_brand?post=1197"},{"taxonomy":"product_cat","embeddable":true,"href":"https:\/\/kunst-energie-regenbogen.de\/shop\/wp-json\/wp\/v2\/product_cat?post=1197"},{"taxonomy":"product_tag","embeddable":true,"href":"https:\/\/kunst-energie-regenbogen.de\/shop\/wp-json\/wp\/v2\/product_tag?post=1197"}],"curies":[{"name":"wp","href":"https:\/\/api.w.org\/{rel}","templated":true}]}}