{"id":1149,"date":"2024-05-26T18:22:42","date_gmt":"2024-05-26T16:22:42","guid":{"rendered":"https:\/\/kunst-energie-regenbogen.de\/shop\/?post_type=product&#038;p=1149"},"modified":"2026-02-27T17:21:18","modified_gmt":"2026-02-27T16:21:18","slug":"energiebild-lichtaufnahme","status":"publish","type":"product","link":"https:\/\/kunst-energie-regenbogen.de\/shop\/produkt\/energiebild-lichtaufnahme\/","title":{"rendered":"Energiebild &#8222;LUX MEMORIA \/ Lichtaufnahme&#8220; zum Thema Wachstum-Gedeihen-Licht"},"content":{"rendered":"<h3 class=\"western\" style=\"text-align: left;\" align=\"center\">Nimm dir Zeit f\u00fcr dich!<\/h3>\n<p class=\"western\" style=\"text-align: left;\" align=\"center\">Begib dich an einen ruhigen entspannten Ort. Nutze das Energiebild \u201eLUX MEMORIA \/ Lichtaufnahme\u201c zur Aufladung deiner Energie. Ein ganz besonderer Tag.<\/p>\n<h3 style=\"text-align: left;\" align=\"center\">Energiebild &#8222;LUX MEMORIA \/ Lichtaufnahme&#8220;<\/h3>\n<p>Das Energiebild &#8222;LUX MEMORIA \/ Lichtaufnahme&#8220; ist in unterschiedlichen Formaten, Gr\u00f6\u00dfen und auf unterschiedlichen Materialien erh\u00e4ltlich. W\u00e4hle die Ausf\u00fchrung, die es erlaubt im eigenen Umfeld die bestm\u00f6gliche Platzierung zu erhalten, so dass man in einer bequemen Haltung in diesem Energiebild versinken kann. Mit dem Energiebild wird ein Booklet mit Meditationstext, einer energetischen \u00dcbung mit dem Bild, einem Energie Impuls sowie einem Energie-Text zum Thema Kl\u00e4rung-Ordnung-F\u00fclle.<\/p>\n<h3>Wachstum-Gedeihen-Licht: Im Licht wachsen und gedeihen<\/h3>\n<p>Aus der Liebe zum Leben wenden wir uns dem Licht zu. Wachstum ist ein Ph\u00e4nomen und ist die Art und Weise, wie Organismen sich zum Licht hingewandt entwickeln, ver\u00e4ndern und anpassen ist faszinierend. Ob es sich um Pflanzen handelt, die ihre Wurzeln in die Erde treiben, oder um Ideen, die in unseren K\u00f6pfen sprie\u00dfen. Wachstum ist Bewegung in jedem allgegenw\u00e4rtigen Moment.<br \/>\nGedeihen hingegen ist ein noch tieferes Konzept. Es geht \u00fcber das blo\u00dfe Wachsen hinaus. Wenn etwas gedeiht, bl\u00fcht es auf, es erreicht sein volles Potenzial. Es ist nicht nur quantitativ, sondern auch qualitativ. Z. B. in einem Garten, in dem die Blumen nicht nur wachsen, sondern auch in voller Pracht erbl\u00fchen.<\/p>\n<p>In der Natur gibt es viele Beispiele f\u00fcr Wachstum und Gedeihen. Ein Baum, der aus einem winzigen Samen w\u00e4chst und im Laufe der Jahre zu einem majest\u00e4tischen Wesen heranreift. Oder ein Kind, das von der Geburt bis zur Jugend st\u00e4ndig w\u00e4chst und sich entwickelt.<\/p>\n<p>Aber auch in unserem pers\u00f6nlichen Leben gibt es Wachstum und Gedeihen. Wir lernen, wir reifen, wir entdecken neue F\u00e4higkeiten und Talente. Auch Herausforderungen veranlassen uns zum Wachsen und zum Gedeihen \u2013 wie eine Pflanze, die sich gegen den Wind stemmt und dadurch st\u00e4rker wird.<\/p>\n<p>Im Miteinander und F\u00fcreinander wachsen und gedeihen wir gemeinsam.<\/p>\n","protected":false},"excerpt":{"rendered":"<p>Energiebild &#8222;LUX MEMORIA \/ Lichtaufnahme&#8220; als Druck<\/p>\n","protected":false},"featured_media":1157,"template":"","meta":[],"product_brand":[],"product_cat":[36,16,79,44],"product_tag":[],"class_list":{"0":"post-1149","1":"product","2":"type-product","3":"status-publish","4":"has-post-thumbnail","6":"product_cat-bilder","7":"product_cat-digitaldruck","8":"product_cat-energiebild","9":"product_cat-petra-wenski-haenisch","10":"product_shipping_class-versandmittel","12":"first","13":"instock","14":"shipping-taxable","15":"purchasable","16":"product-type-variable"},"jetpack_sharing_enabled":true,"_links":{"self":[{"href":"https:\/\/kunst-energie-regenbogen.de\/shop\/wp-json\/wp\/v2\/product\/1149","targetHints":{"allow":["GET"]}}],"collection":[{"href":"https:\/\/kunst-energie-regenbogen.de\/shop\/wp-json\/wp\/v2\/product"}],"about":[{"href":"https:\/\/kunst-energie-regenbogen.de\/shop\/wp-json\/wp\/v2\/types\/product"}],"wp:featuredmedia":[{"embeddable":true,"href":"https:\/\/kunst-energie-regenbogen.de\/shop\/wp-json\/wp\/v2\/media\/1157"}],"wp:attachment":[{"href":"https:\/\/kunst-energie-regenbogen.de\/shop\/wp-json\/wp\/v2\/media?parent=1149"}],"wp:term":[{"taxonomy":"product_brand","embeddable":true,"href":"https:\/\/kunst-energie-regenbogen.de\/shop\/wp-json\/wp\/v2\/product_brand?post=1149"},{"taxonomy":"product_cat","embeddable":true,"href":"https:\/\/kunst-energie-regenbogen.de\/shop\/wp-json\/wp\/v2\/product_cat?post=1149"},{"taxonomy":"product_tag","embeddable":true,"href":"https:\/\/kunst-energie-regenbogen.de\/shop\/wp-json\/wp\/v2\/product_tag?post=1149"}],"curies":[{"name":"wp","href":"https:\/\/api.w.org\/{rel}","templated":true}]}}