{"id":1020,"date":"2023-01-03T10:33:10","date_gmt":"2023-01-03T09:33:10","guid":{"rendered":"https:\/\/kunst-energie-regenbogen.de\/shop\/?post_type=product&#038;p=1020"},"modified":"2026-04-04T15:47:10","modified_gmt":"2026-04-04T13:47:10","slug":"transformative-malerei","status":"publish","type":"product","link":"https:\/\/kunst-energie-regenbogen.de\/shop\/produkt\/transformative-malerei\/","title":{"rendered":"Transformative Malerei"},"content":{"rendered":"<p><b>Transformative Malerei &#8211; Erf\u00fcllungs-Kurs-Visionsboard &#8211; Tageskurs<\/b><\/p>\n<p>Kreiere aus der Liebe heraus deine pers\u00f6nlichen Visionen in deinem Umfeld: Erschaffe dir unter professioneller Anleitung der Bewusstseins\u00f6ffnungs-Expertin Petra Wenski-H\u00e4nisch, innerhalb der Kraft der Naturprinzipien, dein pers\u00f6nliches Visionsboard.<br \/>\nErf\u00fclle dir dein harmonisches Familienleben,<br \/>\ndeine liebevolle Beziehung in der Partnerschaft,<br \/>\ndeine erf\u00fcllende erfolgreiche Berufung,<br \/>\ndein gro\u00dfartiges Freizeitvergn\u00fcgen und<br \/>\ndeine freudvollen weiteren Aktivit\u00e4ten zum Wohle aller.<\/p>\n<p>Angeleitet wird das Zeit\/Raum-Gef\u00fcge durchschritten, um in die Vergangenheit zu schauen, um in dem Momentum, deinem momentanen Schwung zu sehen, wo du gerade stehst und um dir deine Zukunft im pers\u00f6nlichen Umfeld hochschwingend zu kreieren. In der Energie deines Bewusstseins und der Naturprinzipien wird altes Unn\u00fctzes abgel\u00f6st und aufgel\u00f6st, N\u00fctzliches gehalten und Neues f\u00fcr \u201eein erf\u00fclltes vitales Leben in Leichtigkeit\u201c kreiert. Erkenne dein Potenzial, deine Talente, deine Gaben und dein Bewusstsein in der Kraft der Naturprinzipien und bringe sie in dein Leben. Erschaffe \u201eF\u00fclle statt Mangel\u201c und erfreue dich und andere mit deiner Version deines kreierten erf\u00fcllten vitalen Lebens in Leichtigkeit.<\/p>\n<p>Im Kurs enthalten ist das Merkbuch: Hole dir dein Geschenk ab auf <a href=\"https:\/\/vision.kunst-energie-regenbogen.de\">https:\/\/vision.kunst-energie-regenbogen.de<\/a>, dann siehst du, welche Kraft hervorgebracht wird, um sich sein Leben in Leichtigkeit zu gestalten. Das Geschenk ist ein Merkbuch damit du deine Aufschriebe f\u00fcr erste Schritte zur Erreichung eines erf\u00fcllten vitalen Lebens in Leichtigkeit formulieren kannst. Bringe diese Aufschriebe mit zu deinem pers\u00f6nlichen Termin und lass dich professionell f\u00fcr die unterst\u00fctzte Umsetzung anleiten.<\/p>\n<p>Genie\u00dfe die Erf\u00fcllung deiner Vision deines neu orientierten Bewusstseins. Erfreue und genie\u00dfe dein dich erf\u00fcllendes Visionsboard in der Heilkraft deines Seele\/Geist\/K\u00f6rper-Systems. Erschaffe unter professioneller Anleitung innerhalb der Kraft der Naturprinzipien, dein pers\u00f6nliches Visionsboard f\u00fcr dein erf\u00fclltes vitales neues Jahr.<\/p>\n<p><b>Buchung zum Erf\u00fcllungs-Kurs-Visionsboard:<br \/>\n<\/b>Nutze den Visionsboard-Kurs um dir \u201edein erf\u00fclltes vitales Leben in Leichtigkeit\u201c f\u00fcr dich auszurichten. <span style=\"color: #212529;\">Aktiviere durch die kreative Arbeit in deinem Bewusstsein deine Selbstheilungskr\u00e4fte.<\/span> Buche deinen pers\u00f6nlichen Termin, um die M\u00f6glichkeit deiner Kraftentfaltung in der Reservierung zu haben. Termine werden individuell abgestimmt (<a href=\"info@kunst-energie-regenbogen.de\">e-Mail<\/a>, Telefon (07533 &#8211; 9361682), WhatsApp (0176 72409840) ).<\/p>\n<p>Der Kurs kann Online oder im Atelier in Dingelsdorf durchgef\u00fchrt werden.<\/p>\n<p>Terminvorschl\u00e4ge sind:<br \/>\n10. Juni 2023<br \/>\n11. Juni 2023<br \/>\n7. Oktober 2023<br \/>\n25. November 2023<br \/>\n26. November 2023<br \/>\n17. Dezember 2023<\/p>\n<p>Kurszeiten: 11:00 &#8211; 16:00<\/p>\n","protected":false},"excerpt":{"rendered":"<p>Transformative Malerei &#8211; Erf\u00fcllungs-Kurs-Visionsboard &#8211; Tageskurs<\/p>\n<p>Kreiere aus der Liebe heraus deine pers\u00f6nlichen Visionen in deinem Umfeld: Erschaffe dir unter professioneller Anleitung der Bewusstseins\u00f6ffnungs-Expertin Petra Wenski-H\u00e4nisch, innerhalb der Kraft der Naturprinzipien, dein pers\u00f6nliches Visionsboard.<\/p>\n<p>Der Kurs kann Online oder im Atelier in Konstanz-Dingelsdorf durchgef\u00fchrt werden.<\/p>\n<div id=\"malwarebytes-root\"><\/div>\n","protected":false},"featured_media":973,"template":"","meta":[],"product_brand":[],"product_cat":[74,52,51,50,75],"product_tag":[],"class_list":{"0":"post-1020","1":"product","2":"type-product","3":"status-publish","4":"has-post-thumbnail","6":"product_cat-coach","7":"product_cat-energie-coaching","8":"product_cat-workshop","9":"product_cat-coaching","10":"product_cat-petra-wenski-haenisch-coach","12":"first","13":"instock","14":"shipping-taxable","15":"purchasable","16":"product-type-simple"},"jetpack_sharing_enabled":true,"_links":{"self":[{"href":"https:\/\/kunst-energie-regenbogen.de\/shop\/wp-json\/wp\/v2\/product\/1020","targetHints":{"allow":["GET"]}}],"collection":[{"href":"https:\/\/kunst-energie-regenbogen.de\/shop\/wp-json\/wp\/v2\/product"}],"about":[{"href":"https:\/\/kunst-energie-regenbogen.de\/shop\/wp-json\/wp\/v2\/types\/product"}],"wp:featuredmedia":[{"embeddable":true,"href":"https:\/\/kunst-energie-regenbogen.de\/shop\/wp-json\/wp\/v2\/media\/973"}],"wp:attachment":[{"href":"https:\/\/kunst-energie-regenbogen.de\/shop\/wp-json\/wp\/v2\/media?parent=1020"}],"wp:term":[{"taxonomy":"product_brand","embeddable":true,"href":"https:\/\/kunst-energie-regenbogen.de\/shop\/wp-json\/wp\/v2\/product_brand?post=1020"},{"taxonomy":"product_cat","embeddable":true,"href":"https:\/\/kunst-energie-regenbogen.de\/shop\/wp-json\/wp\/v2\/product_cat?post=1020"},{"taxonomy":"product_tag","embeddable":true,"href":"https:\/\/kunst-energie-regenbogen.de\/shop\/wp-json\/wp\/v2\/product_tag?post=1020"}],"curies":[{"name":"wp","href":"https:\/\/api.w.org\/{rel}","templated":true}]}}