{"id":1005,"date":"2022-12-31T14:51:38","date_gmt":"2022-12-31T13:51:38","guid":{"rendered":"https:\/\/kunst-energie-regenbogen.de\/shop\/?post_type=product&#038;p=1005"},"modified":"2024-02-20T17:30:36","modified_gmt":"2024-02-20T16:30:36","slug":"kreativurlaub-atelier-malerei","status":"publish","type":"product","link":"https:\/\/kunst-energie-regenbogen.de\/shop\/produkt\/kreativurlaub-atelier-malerei\/","title":{"rendered":"Kreativurlaub am Bodenseeufer im Atelier &#8211; Malerei"},"content":{"rendered":"<p>Kreativurlaub am Bodenseeufer im Atelier im Bereich Malerei.<\/p>\n<p>Einzelunterricht oder Kleingruppen. Gr\u00f6\u00dfere Gruppen und zus\u00e4tzliche Termine auf Anfrage.<\/p>\n<p>Landschafts- und\/oder Tiermalerei, Portr\u00e4tmalerei und fig\u00fcrliche Malerei:<br \/>\nmodern oder traditionell in verschiedenen Techniken, Menschen in verschiedenen K\u00f6rperhaltungen studieren und malerisch, zeichnerisch umsetzen in Verbindung mit abstrakter Malerei mit Farb-Formen-Gestaltungs-Lehre.<br \/>\nJeder Teilnehmer kann in seiner gew\u00e4hlten Technik mit professioneller Unterst\u00fctzung der Dozentin und Diplom-Designerin (FH) Petra Wenski-H\u00e4nisch Stimmungen, Schwingungen, Einsch\u00e4tzungen oder Betrachtungen erforschen und entwickeln. Z.B. kann sich der Teilnehmer in der Portr\u00e4tmalerei in seiner Maltechnik mit Charakteren, Mimik, Gestik und Gef\u00fchlen besch\u00e4ftigen.<br \/>\nZur Erg\u00e4nzung der fig\u00fcrlichen Malerei kann bei Bedarf ein Aktmodell zur Verf\u00fcgung stehen, um anhand des Modells in der gew\u00e4hlten Technik das Auge zu schulen und seinem Stil einen analytisch reflektierenden Ausdruck zu verleihen.<br \/>\nIn der Schreibkunst \/ Kalligrafie mit Botschaften\/Symbolen in klassischer Kalligrafie und individueller Typografie, k\u00f6nnen Botschaften in der bildenden Kunst wiedergeben werden, wie Symbole oder Texte, um gerne auch in den anderen Themen entstandene Kunstwerke zu erg\u00e4nzen oder komplett f\u00fcr sich zu stehen.<br \/>\n<b>Dozentin:\u00a0<a class=\"Footer_Link\" href=\"https:\/\/kunst-energie-regenbogen.de\/vita.html\" target=\"_blank\" rel=\"noopener noreferrer\">Petra Wenski-H\u00e4nisch<\/a><\/b><br \/>\n<b>Programm\/Ablauf:<\/b><br \/>\n10:30 &#8211; 15:30 Uhr Kurszeit<br \/>\nPausen k\u00f6nnen frei nach Bedarf genommen werden.<br \/>\n<b>Material:<\/b><br \/>\nJe nach gew\u00fcnschtem Schwerpunkt und Technik besteht unterschiedlicher Materialbedarf. Jeder kann sich selbst Material mitbringen oder nach Absprache im Vorfeld vor Ort erwerben. F\u00fcr die Planung bitte ich in jedem Fall vorab um eine Abstimmung mit welcher Technik und welchem Material zu welchem Thema gearbeitet werden m\u00f6chte. (Kontakt: info@atelier-regenbogenkunst.de).<br \/>\n<b>Verpflegung<\/b><br \/>\nEssen und Getr\u00e4nke nach Geschmack in Selbstverpflegung, im Ort ist eine B\u00e4ckerei\/Metzgerei sowie ein Kaffee \/ Bistro mit verschiedenen Gerichten und selbstgemachten Kuchen (7 min. zu Fu\u00df). Im Nachbarort, 5 min. mit dem Auto ist ein Supermarkt sowie ein Hofladen.<br \/>\n\u00dcbernachtungsm\u00f6glichkeiten sind umfangreich in Dingelsdorf sowie den Nachbarorten vorhanden.<br \/>\n<b>Termine:<br \/>\n<\/b>11. &#8211; 12. M\u00e4rz 2024<br \/>\n8. &#8211; 9. April 2024<br \/>\n9. &#8211; 10. Mai 2024<br \/>\n10. &#8211; 11. Juni 2024<br \/>\n6.-7. Juli 2024<br \/>\nWeitere Termine gerne auf Anfrage individuell vereinbar. Bitte Wunschtermin im Kommentar beim Bezahlvorgang angeben oder Kontakt auf <a href=\"mailto:info@kunst-energie-regenbogen.de\">info@kunst-energie-regenbogen.de<\/a>.<\/p>\n<div id=\"malwarebytes-root\">Kursort: Der Kurs findet im Atelier in Konstanz-Dingelsdorf statt. Alternativ ist auch eine Online-Teilnahme m\u00f6glich.<\/div>\n<div id=\"malwarebytes-root\"><\/div>\n","protected":false},"excerpt":{"rendered":"<p>Kreativurlaub am Bodenseeufer im Atelier &#8211; Malerei<br \/>\n2-t\u00e4giger Kurs<br \/>\nEinzelunterricht oder Kleinstgruppen (max. 3 Personen). Gr\u00f6\u00dfere Gruppen und zus\u00e4tzliche Termine auf Anfrage.<\/p>\n<p>Jeder Teilnehmer kann in seiner gew\u00e4hlten Technik mit professioneller Unterst\u00fctzung der Dozentin Petra Wenski-H\u00e4nisch Stimmungen, Schwingungen, Einsch\u00e4tzungen oder Betrachtungen erforschen und entwickeln.<\/p>\n<p>Bitte Wunschtermin im Kommentar beim Bezahlvorgang angeben oder Kontakt auf <a href=\"mailto:info@kunst-energie-regenbogen.de\">info@kunst-energie-regenbogen.de<\/a>.<\/p>\n","protected":false},"featured_media":1006,"template":"","meta":[],"product_brand":[],"product_cat":[51,44],"product_tag":[],"class_list":{"0":"post-1005","1":"product","2":"type-product","3":"status-publish","4":"has-post-thumbnail","6":"product_cat-workshop","7":"product_cat-petra-wenski-haenisch","8":"product_shipping_class-frei","10":"first","11":"instock","12":"shipping-taxable","13":"purchasable","14":"product-type-simple"},"jetpack_sharing_enabled":true,"_links":{"self":[{"href":"https:\/\/kunst-energie-regenbogen.de\/shop\/wp-json\/wp\/v2\/product\/1005","targetHints":{"allow":["GET"]}}],"collection":[{"href":"https:\/\/kunst-energie-regenbogen.de\/shop\/wp-json\/wp\/v2\/product"}],"about":[{"href":"https:\/\/kunst-energie-regenbogen.de\/shop\/wp-json\/wp\/v2\/types\/product"}],"wp:featuredmedia":[{"embeddable":true,"href":"https:\/\/kunst-energie-regenbogen.de\/shop\/wp-json\/wp\/v2\/media\/1006"}],"wp:attachment":[{"href":"https:\/\/kunst-energie-regenbogen.de\/shop\/wp-json\/wp\/v2\/media?parent=1005"}],"wp:term":[{"taxonomy":"product_brand","embeddable":true,"href":"https:\/\/kunst-energie-regenbogen.de\/shop\/wp-json\/wp\/v2\/product_brand?post=1005"},{"taxonomy":"product_cat","embeddable":true,"href":"https:\/\/kunst-energie-regenbogen.de\/shop\/wp-json\/wp\/v2\/product_cat?post=1005"},{"taxonomy":"product_tag","embeddable":true,"href":"https:\/\/kunst-energie-regenbogen.de\/shop\/wp-json\/wp\/v2\/product_tag?post=1005"}],"curies":[{"name":"wp","href":"https:\/\/api.w.org\/{rel}","templated":true}]}}