{"id":938,"date":"2022-06-10T16:56:03","date_gmt":"2022-06-10T14:56:03","guid":{"rendered":"https:\/\/kunst-energie-regenbogen.de\/shop\/?page_id=938"},"modified":"2023-09-04T20:57:14","modified_gmt":"2023-09-04T18:57:14","slug":"terminbuchung","status":"publish","type":"page","link":"https:\/\/kunst-energie-regenbogen.de\/shop\/terminbuchung\/","title":{"rendered":"Terminbuchung"},"content":{"rendered":"\n<p><strong>Kostenloses erstes Energie-Gespr\u00e4ch<\/strong>, erkenne mit mir deine Berufung und deine Vision f\u00fcr ein erf\u00fclltes vitales Leben in Leichtigkeit f\u00fcr deine Seele\/Geist\/K\u00f6rper-Balance und deine Familie\/Beruf\/Freizeit-Harmonie. Nenne deine Probleme, deine Dramen und gehe mit mir deinen L\u00f6sungsweg. <\/p>\n\n\n\n<p><strong>Kostenloses erstes Kunst-Coaching<\/strong>, betrachte mit mir, wo du mit deiner Kunstausrichtung oder mit deiner Kunstpr\u00e4sentation stehst und wie du dich entwickeln willst. Erkenne mit mir deine Talente und deine Gaben und lass uns gemeinsam deinen erfolgreichen k\u00fcnstlerischen Werdegang voranbringen.<\/p>\n\n\n\n<p><strong>Kostenloses erstes Gespr\u00e4ch zu Art-Direktion \/ Marketing<\/strong>, du hast deine Berufung, dein Business und deine Visionen erkannt und m\u00f6chtest erfolgreich in der Umsetzung sein. Gerne unterst\u00fctze ich dich Schritt f\u00fcr Schritt in der Freisetzung deines Potentials zur Erreichung deiner Ziele.<\/p>\n\n\n\n<p>Buche hier deinen Termin. Termine sind verf\u00fcgbar zwischen 11 und 18 Uhr.<\/p>\n\n\n\n<div class=\"wp-block-booking-booking\"> <div id=\"form_id1440162958410\" class=\"wpbc_container wpbc_form wpbc_container_booking_form \" ><form id=\"booking_form1\" class=\"booking_form vertical\" method=\"post\" action=\"\"><div id=\"ajax_respond_insert1\" class=\"ajax_respond_insert\" style=\"display:none;\"><\/div><a name=\"bklnk1\" id=\"bklnk1\"><\/a><div id=\"booking_form_div1\" class=\"booking_form_div\"><style type=\"text\/css\">.wpbc_container_booking_form .block_hints, .wpbc_booking_form_simple.wpbc_form_center .wpbc__form__div .wpbc__row.wpbc_r_calendar, .wpbc_booking_form_simple .wpbc__form__div .wpbc__row:not(.wpbc_r_calendar){max-width:440px;} <\/style>\n<div class=\"wpbc_booking_form_simple \">\n<div class=\"wpbc__form__div\">\n\t\t\t<div class=\"wpbc_r_calendar wpbc__row\">\n\t\t\t\t<div class=\"wpbc_r_calendar wpbc__field\"> <label><\/label><br><div class=\"wpbc_calendar_wraper wpbc_change_over_triangle wpbc_calendar_skin_legacy\"><div class=\"wpbc_cal_container bk_calendar_frame wpbc_no_custom_width  months_num_in_row_ cal_month_num_1 wpbc_timeslot_day_bg_as_available\" style=\"\"><div id=\"calendar_booking1\"  class=\"wpbc_calendar_id_1\" >\t<div class=\"calendar_loader_frame calendar_loader_frame1\"\r\n\t\tdata-wpbc-rid=\"1\"\r\n\t\tdata-wpbc-grace=\"8000\"\r\n\t\tstyle=\"--wpbc-loader-cols: 1;\"\r\n\t>\r\n\t\t<div class=\"calendar_loader_text\">Wird geladen...<\/div>\r\n\t\t<div class=\"calendar_loader_frame__progress_line_container\">\r\n\t\t\t<div class=\"calendar_loader_frame__progress_line\"><\/div>\r\n\t\t<\/div>\r\n\t<\/div>\r\n\t<\/div><\/div><div style=\"font-size:7px;text-align:left;margin:0 0 10px;text-shadow: none;\">Powered by <a href=\"https:\/\/wpbookingcalendar.com\" style=\"font-size:7px;\" target=\"_blank\" title=\"Booking Calendar plugin for WordPress\" rel=\"noopener\">Booking Calendar<\/a><\/div><textarea id=\"date_booking1\" name=\"date_booking1\" autocomplete=\"off\" style=\"display:none;\"><\/textarea><\/div> <\/div>\n\t\t\t<\/div>\n\t\t\t<div class=\"wpbc__row\">\n\t\t\t\t<div class=\"wpbc_r_name wpbc__field\"> <label>Vorname*<\/label><br><span class=\"wpbc_wrap_text wpdev-form-control-wrap name1\"><input type=\"text\" name=\"name1\" value=\"\" autocomplete=\"name\" class=\"wpdev-validates-as-required\" size=\"40\" \/><\/span> <\/div>\n\t\t\t<\/div>\n\t\t\t<div class=\"wpbc__row\">\n\t\t\t\t<div class=\"wpbc_r_secondname wpbc__field\"> <label>Nachname*<\/label><br><span class=\"wpbc_wrap_text wpdev-form-control-wrap secondname1\"><input type=\"text\" name=\"secondname1\" value=\"\" autocomplete=\"secondname\" class=\"wpdev-validates-as-required\" size=\"40\" \/><\/span> <\/div>\n\t\t\t<\/div>\n\t\t\t<div class=\"wpbc__row\">\n\t\t\t\t<div class=\"wpbc_r_email wpbc__field\"> <label>Email*<\/label><br><span class=\"wpbc_wrap_text wpdev-form-control-wrap email1\"><input type=\"email\" name=\"email1\" value=\"\" autocomplete=\"email\" class=\"wpdev-validates-as-email wpdev-validates-as-required\" size=\"40\" \/><\/span> <\/div>\n\t\t\t<\/div>\n\t\t\t<div class=\"wpbc__row\">\n\t\t\t\t<div class=\"wpbc_r_phone wpbc__field\"> <label>Telefon<\/label><br><span class=\"wpbc_wrap_text wpdev-form-control-wrap phone1\"><input type=\"text\" name=\"phone1\" value=\"\" autocomplete=\"phone\" size=\"40\" \/><\/span> <\/div>\n\t\t\t<\/div>\n\t\t\t<div class=\"wpbc__row\">\n\t\t\t\t<div class=\"wpbc_r_details wpbc__field\"> <label>Details<\/label><br><span class=\"wpbc_wrap_textarea wpdev-form-control-wrap details1\"><textarea name=\"details1\" autocomplete=\"details\"><\/textarea><\/span> <\/div>\n\t\t\t<\/div>\n\t\t\t<div class=\"wpbc__row\">\n\t\t\t\t<div class=\"wpbc_r_rangetime wpbc__field\"> <label>Uhrzeit*<\/label><br><span class=\"wpbc_wrap_select wpdev-form-control-wrap rangetime1\"><select onchange=\"javascript:if(typeof( wpbc_show_cost_hints_after_few_seconds )=='function'){wpbc_show_cost_hints_after_few_seconds(1);}\" name=\"rangetime1\" autocomplete=\"rangetime\" class=\"wpdev-validates-as-required\"><option value=\"11:00 - 11:30\">11:00 - 11:30<\/option><option value=\"12:00 - 12:30\">12:00 - 12:30<\/option><option value=\"13:00 - 13:30\">13:00 - 13:30<\/option><option value=\"14:00 - 14:30\">14:00 - 14:30<\/option><option value=\"14:30 - 15:00\">14:30 - 15:00<\/option><option value=\"15:00 - 15:30\">15:00 - 15:30<\/option><option value=\"15:30 - 16:00\">15:30 - 16:00<\/option><option value=\"16:00 - 16:30\">16:00 - 16:30<\/option><option value=\"16:30 - 17:00\">16:30 - 17:00<\/option><option value=\"17:00 - 17:30\">17:00 - 17:30<\/option><option value=\"17:30 - 18:00\">17:30 - 18:00<\/option><\/select><\/span> <\/div>\n\t\t\t<\/div>\n\t\t\t<div class=\"wpbc__row\">\n\t\t\t\t<div class=\"wpbc_r_artdescoachings wpbc__field\"> <label>Art des Coachings*<\/label><br><span class=\"wpbc_wrap_select wpdev-form-control-wrap artdescoachings1\"><select onchange=\"javascript:if(typeof( wpbc_show_cost_hints_after_few_seconds )=='function'){wpbc_show_cost_hints_after_few_seconds(1);}\" name=\"artdescoachings1\" autocomplete=\"artdescoachings\" class=\"wpdev-validates-as-required\"><option value=\"Energie-Gespr\u00e4ch\">Energie-Gespr\u00e4ch<\/option><option value=\"Kunst-Coaching\">Kunst-Coaching<\/option><option value=\"Art-Direktion \/ Marketing\">Art-Direktion \/ Marketing<\/option><\/select><\/span> <\/div>\n\t\t\t<\/div>\n\t\t\t<div class=\"wpbc__row\">\n\t\t\t\t<div class=\"wpbc_r_captcha wpbc__field\"> <label><\/label><br><span class=\"wpbc_text_captcha_container wpdev-form-control-wrap \"><input  autocomplete=\"off\" type=\"hidden\" name=\"wpdev_captcha_challenge_1\"  id=\"wpdev_captcha_challenge_1\" value=\"1981150309\" \/><input  autocomplete=\"off\" type=\"text\" class=\"captachinput\" value=\"\" name=\"captcha_input1\" id=\"captcha_input1\" \/><img decoding=\"async\" class=\"captcha_img\"  id=\"captcha_img1\" alt=\"To show CAPTCHA, please deactivate cache plugin or exclude this page from caching or disable CAPTCHA at WP Booking Calendar - Settings General page in Form Options section.\" src=\"https:\/\/kunst-energie-regenbogen.de\/shop\/wp-content\/plugins\/booking\/js\/captcha\/tmp\/1981150309.png\" \/><\/span> <\/div>\n\t\t\t<\/div>\n\t\t\t<div class=\"wpbc__row\">\n\t\t\t\t<div class=\"wpbc_r_submit wpbc__field\"><input type=\"button\" value=\"Senden\" class=\"wpbc_button_light  btn btn\" onclick=\"wpbc_booking_form_submit(this.form,1, 'de_DE');\" \/> <\/div>\n\t\t\t<\/div>\n<\/div>\n<\/div><input id=\"bk_type1\" name=\"bk_type1\" class=\"\" type=\"hidden\" value=\"1\" \/><\/div><div id=\"submiting1\"><\/div><div class=\"form_bk_messages\" id=\"form_bk_messages1\" ><\/div><input type=\"hidden\" id=\"wpbc_nonceCALCULATE_THE_COST1\" name=\"wpbc_nonceCALCULATE_THE_COST1\" value=\"9e9a4d0fd2\" \/><input type=\"hidden\" name=\"_wp_http_referer\" value=\"\/shop\/wp-json\/wp\/v2\/pages\/938\" \/><\/form><\/div><div id=\"booking_form_garbage1\" class=\"booking_form_garbage\"><\/div> <\/div>\n","protected":false},"excerpt":{"rendered":"<p>Kostenloses erstes Energie-Gespr\u00e4ch, erkenne mit mir deine Berufung und deine Vision f\u00fcr ein erf\u00fclltes vitales Leben in Leichtigkeit f\u00fcr deine Seele\/Geist\/K\u00f6rper-Balance und deine Familie\/Beruf\/Freizeit-Harmonie. Nenne deine Probleme, deine Dramen und gehe mit mir deinen L\u00f6sungsweg. Kostenloses erstes Kunst-Coaching, betrachte mit mir, wo du mit deiner Kunstausrichtung oder mit deiner Kunstpr\u00e4sentation stehst und wie du dich [&hellip;]<\/p>\n","protected":false},"author":1,"featured_media":0,"parent":0,"menu_order":0,"comment_status":"closed","ping_status":"closed","template":"","meta":{"footnotes":""},"class_list":["post-938","page","type-page","status-publish","hentry"],"jetpack_sharing_enabled":true,"_links":{"self":[{"href":"https:\/\/kunst-energie-regenbogen.de\/shop\/wp-json\/wp\/v2\/pages\/938","targetHints":{"allow":["GET"]}}],"collection":[{"href":"https:\/\/kunst-energie-regenbogen.de\/shop\/wp-json\/wp\/v2\/pages"}],"about":[{"href":"https:\/\/kunst-energie-regenbogen.de\/shop\/wp-json\/wp\/v2\/types\/page"}],"author":[{"embeddable":true,"href":"https:\/\/kunst-energie-regenbogen.de\/shop\/wp-json\/wp\/v2\/users\/1"}],"replies":[{"embeddable":true,"href":"https:\/\/kunst-energie-regenbogen.de\/shop\/wp-json\/wp\/v2\/comments?post=938"}],"version-history":[{"count":8,"href":"https:\/\/kunst-energie-regenbogen.de\/shop\/wp-json\/wp\/v2\/pages\/938\/revisions"}],"predecessor-version":[{"id":1069,"href":"https:\/\/kunst-energie-regenbogen.de\/shop\/wp-json\/wp\/v2\/pages\/938\/revisions\/1069"}],"wp:attachment":[{"href":"https:\/\/kunst-energie-regenbogen.de\/shop\/wp-json\/wp\/v2\/media?parent=938"}],"curies":[{"name":"wp","href":"https:\/\/api.w.org\/{rel}","templated":true}]}}