{"id":89,"date":"2020-03-29T12:26:16","date_gmt":"2020-03-29T10:26:16","guid":{"rendered":"http:\/\/localhost\/wordpress\/impressum\/"},"modified":"2020-03-29T13:26:14","modified_gmt":"2020-03-29T11:26:14","slug":"impressum","status":"publish","type":"page","link":"https:\/\/kunst-energie-regenbogen.de\/shop\/impressum\/","title":{"rendered":"Impressum"},"content":{"rendered":"<p>Organisation und Ansprechpartner:<br \/>\nPetra Wenski-H\u00e4nisch<br \/>\nDiplom Designerin (FH) und freischaffende K\u00fcnstlerin<br \/>\nFlie\u00dfhornstrasse 40a, 78465 Konstanz<br \/>\ninfo@atelier-regenbogenkunst.de<br \/>\nHandy\/WhatsApp: 0176\/72409840<br \/>\nAufgrund der Einstufung als Kleinunternehmen von der Umsatzsteuer befreit.<\/p>\n<div class=\"woocommerce woocommerce-gzd woocommerce-gzd-complaints-shortcode\">\n\t\t\t<h3>Alternative Streitbeilegung gem\u00e4\u00df Art. 14 Abs. 1 ODR-VO und \u00a7 36 VSBG:<\/h3>\n\t\nZur Teilnahme an einem Streitbeilegungsverfahren vor einer Verbraucherschlichtungsstelle sind wir nicht verpflichtet und nicht bereit.<\/div>\n","protected":false},"excerpt":{"rendered":"<p>Organisation und Ansprechpartner: Petra Wenski-H\u00e4nisch Diplom Designerin (FH) und freischaffende K\u00fcnstlerin Flie\u00dfhornstrasse 40a, 78465 Konstanz info@atelier-regenbogenkunst.de Handy\/WhatsApp: 0176\/72409840 Aufgrund der Einstufung als Kleinunternehmen von der Umsatzsteuer befreit.<\/p>\n","protected":false},"author":1,"featured_media":0,"parent":0,"menu_order":0,"comment_status":"closed","ping_status":"closed","template":"","meta":{"footnotes":""},"class_list":["post-89","page","type-page","status-publish","hentry"],"jetpack_sharing_enabled":true,"_links":{"self":[{"href":"https:\/\/kunst-energie-regenbogen.de\/shop\/wp-json\/wp\/v2\/pages\/89","targetHints":{"allow":["GET"]}}],"collection":[{"href":"https:\/\/kunst-energie-regenbogen.de\/shop\/wp-json\/wp\/v2\/pages"}],"about":[{"href":"https:\/\/kunst-energie-regenbogen.de\/shop\/wp-json\/wp\/v2\/types\/page"}],"author":[{"embeddable":true,"href":"https:\/\/kunst-energie-regenbogen.de\/shop\/wp-json\/wp\/v2\/users\/1"}],"replies":[{"embeddable":true,"href":"https:\/\/kunst-energie-regenbogen.de\/shop\/wp-json\/wp\/v2\/comments?post=89"}],"version-history":[{"count":1,"href":"https:\/\/kunst-energie-regenbogen.de\/shop\/wp-json\/wp\/v2\/pages\/89\/revisions"}],"predecessor-version":[{"id":108,"href":"https:\/\/kunst-energie-regenbogen.de\/shop\/wp-json\/wp\/v2\/pages\/89\/revisions\/108"}],"wp:attachment":[{"href":"https:\/\/kunst-energie-regenbogen.de\/shop\/wp-json\/wp\/v2\/media?parent=89"}],"curies":[{"name":"wp","href":"https:\/\/api.w.org\/{rel}","templated":true}]}}