{"id":332,"date":"2020-04-19T21:21:09","date_gmt":"2020-04-19T19:21:09","guid":{"rendered":"http:\/\/kunst-energie-regenbogen.de\/shop\/?page_id=332"},"modified":"2020-04-19T21:28:30","modified_gmt":"2020-04-19T19:28:30","slug":"nico-haenisch","status":"publish","type":"page","link":"https:\/\/kunst-energie-regenbogen.de\/shop\/nico-haenisch\/","title":{"rendered":"Nico H\u00e4nisch"},"content":{"rendered":"\n<div class=\"wp-block-media-text alignwide is-stacked-on-mobile\"><figure class=\"wp-block-media-text__media\"><img loading=\"lazy\" decoding=\"async\" width=\"1024\" height=\"1002\" src=\"http:\/\/kunst-energie-regenbogen.de\/shop\/wp-content\/uploads\/2020\/04\/Portr\u00e4t-nico-1024x1002.jpg\" alt=\"\" class=\"wp-image-270\" srcset=\"https:\/\/kunst-energie-regenbogen.de\/shop\/wp-content\/uploads\/2020\/04\/Portr\u00e4t-nico-1024x1002.jpg 1024w, https:\/\/kunst-energie-regenbogen.de\/shop\/wp-content\/uploads\/2020\/04\/Portr\u00e4t-nico-300x294.jpg 300w, https:\/\/kunst-energie-regenbogen.de\/shop\/wp-content\/uploads\/2020\/04\/Portr\u00e4t-nico-768x752.jpg 768w, https:\/\/kunst-energie-regenbogen.de\/shop\/wp-content\/uploads\/2020\/04\/Portr\u00e4t-nico-1536x1503.jpg 1536w, https:\/\/kunst-energie-regenbogen.de\/shop\/wp-content\/uploads\/2020\/04\/Portr\u00e4t-nico-416x407.jpg 416w, https:\/\/kunst-energie-regenbogen.de\/shop\/wp-content\/uploads\/2020\/04\/Portr\u00e4t-nico.jpg 1864w\" sizes=\"auto, (max-width: 1024px) 100vw, 1024px\" \/><\/figure><div class=\"wp-block-media-text__content\">\n<h3 class=\"wp-block-heading\">Vita<\/h3>\n\n\n\n<ul class=\"wp-block-list\"><li>Diplom Ingenieur \u2013 6 Jahre Studium, Karlsruhe<\/li><li>\u00fcber 25 Jahre in Beratung f\u00fcr IT Strategie, Marketing und Gesch\u00e4ftsentwicklung in weltweit agierenden Konzernen t\u00e4tig<\/li><li>Fotograf \u2013 Schwerpunkt: Natur, Kunst, Architektur; Workshops f\u00fcr Fotografie am Bodensee<\/li><li>Freischaffender K\u00fcnstler \u2013 Ausstellungen in Deutschland<\/li><li>Digital Marketing Coach \u2013 Coaching und Umsetzung von Digitalen Marketing Strategien (Web, Facebook, Instagram, \u2026)<\/li><\/ul>\n\n\n\n<h3 class=\"wp-block-heading\">Kontakt<\/h3>\n\n\n\n<p>E-Mail:&nbsp;<a href=\"mailto:info@nh-foto-kunst.de\">info@nh-foto-kunst.de<\/a><br>Web:&nbsp;<a href=\"http:\/\/nh-foto-kunst.de\/\" target=\"_blank\" rel=\"noreferrer noopener\">nh-foto-kunst.de<\/a><br>Telefon\/WhatsApp: 0151-14752271<\/p>\n<\/div><\/div>\n\n\n<div data-block-name=\"woocommerce\/product-category\" data-categories=\"[49]\" data-columns=\"4\" class=\"wc-block-grid wp-block-product-category wp-block-woocommerce-product-category wc-block-product-category has-4-columns has-multiple-rows\"><ul class=\"wc-block-grid__products\"><li class=\"wc-block-grid__product\">\n\t\t\t\t<a href=\"https:\/\/kunst-energie-regenbogen.de\/shop\/produkt\/akademie-fotografie\/\" class=\"wc-block-grid__product-link\">\n\t\t\t\t\t\n\t\t\t\t\t<div class=\"wc-block-grid__product-image\"><img loading=\"lazy\" decoding=\"async\" width=\"324\" height=\"324\" src=\"https:\/\/kunst-energie-regenbogen.de\/shop\/wp-content\/uploads\/2020\/06\/CollageFotokurs-324x324.jpg\" class=\"attachment-woocommerce_thumbnail size-woocommerce_thumbnail\" alt=\"Akademie Fotografie\" srcset=\"https:\/\/kunst-energie-regenbogen.de\/shop\/wp-content\/uploads\/2020\/06\/CollageFotokurs-324x324.jpg 324w, https:\/\/kunst-energie-regenbogen.de\/shop\/wp-content\/uploads\/2020\/06\/CollageFotokurs-300x300.jpg 300w, https:\/\/kunst-energie-regenbogen.de\/shop\/wp-content\/uploads\/2020\/06\/CollageFotokurs-1024x1024.jpg 1024w, https:\/\/kunst-energie-regenbogen.de\/shop\/wp-content\/uploads\/2020\/06\/CollageFotokurs-150x150.jpg 150w, https:\/\/kunst-energie-regenbogen.de\/shop\/wp-content\/uploads\/2020\/06\/CollageFotokurs-768x768.jpg 768w, https:\/\/kunst-energie-regenbogen.de\/shop\/wp-content\/uploads\/2020\/06\/CollageFotokurs-416x416.jpg 416w, https:\/\/kunst-energie-regenbogen.de\/shop\/wp-content\/uploads\/2020\/06\/CollageFotokurs-100x100.jpg 100w, https:\/\/kunst-energie-regenbogen.de\/shop\/wp-content\/uploads\/2020\/06\/CollageFotokurs.jpg 1200w\" sizes=\"auto, (max-width: 324px) 100vw, 324px\"><\/div>\n\t\t\t\t\t<div class=\"wc-block-grid__product-title\">Akademie Fotografie<\/div>\n\t\t\t\t<\/a>\n\t\t\t\t<div class=\"wc-block-grid__product-price price\"><span class=\"woocommerce-Price-amount amount\">590,00&nbsp;<span class=\"woocommerce-Price-currencySymbol\">&euro;<\/span><\/span><\/div><p class=\"wc-gzd-additional-info wc-gzd-additional-info-loop small-business-info\">Kein Mehrwertsteuerausweis, da Kleinunternehmer nach &sect;19 (1) UStG.<\/p>\n\t\t\t\t\n\t\t\t\t<div class=\"wp-block-button wc-block-grid__product-add-to-cart\"><a href=\"\/shop\/wp-json\/wp\/v2\/pages\/332?add-to-cart=610\" aria-label=\"In den Warenkorb legen: &bdquo;Akademie Fotografie&ldquo;\" data-quantity=\"1\" data-product_id=\"610\" data-product_sku=\"\" data-price=\"590\" rel=\"nofollow\" class=\"wp-block-button__link  add_to_cart_button ajax_add_to_cart\">In den Warenkorb<\/a><\/div>\n\t\t\t<\/li>\n<\/ul><\/div>","protected":false},"excerpt":{"rendered":"<p>Vita Diplom Ingenieur \u2013 6 Jahre Studium, Karlsruhe \u00fcber 25 Jahre in Beratung f\u00fcr IT Strategie, Marketing und Gesch\u00e4ftsentwicklung in weltweit agierenden Konzernen t\u00e4tig Fotograf \u2013 Schwerpunkt: Natur, Kunst, Architektur; Workshops f\u00fcr Fotografie am Bodensee Freischaffender K\u00fcnstler \u2013 Ausstellungen in Deutschland Digital Marketing Coach \u2013 Coaching und Umsetzung von Digitalen Marketing Strategien (Web, Facebook, Instagram, [&hellip;]<\/p>\n","protected":false},"author":1,"featured_media":0,"parent":0,"menu_order":0,"comment_status":"closed","ping_status":"closed","template":"","meta":{"footnotes":""},"class_list":["post-332","page","type-page","status-publish","hentry"],"jetpack_sharing_enabled":true,"_links":{"self":[{"href":"https:\/\/kunst-energie-regenbogen.de\/shop\/wp-json\/wp\/v2\/pages\/332","targetHints":{"allow":["GET"]}}],"collection":[{"href":"https:\/\/kunst-energie-regenbogen.de\/shop\/wp-json\/wp\/v2\/pages"}],"about":[{"href":"https:\/\/kunst-energie-regenbogen.de\/shop\/wp-json\/wp\/v2\/types\/page"}],"author":[{"embeddable":true,"href":"https:\/\/kunst-energie-regenbogen.de\/shop\/wp-json\/wp\/v2\/users\/1"}],"replies":[{"embeddable":true,"href":"https:\/\/kunst-energie-regenbogen.de\/shop\/wp-json\/wp\/v2\/comments?post=332"}],"version-history":[{"count":2,"href":"https:\/\/kunst-energie-regenbogen.de\/shop\/wp-json\/wp\/v2\/pages\/332\/revisions"}],"predecessor-version":[{"id":336,"href":"https:\/\/kunst-energie-regenbogen.de\/shop\/wp-json\/wp\/v2\/pages\/332\/revisions\/336"}],"wp:attachment":[{"href":"https:\/\/kunst-energie-regenbogen.de\/shop\/wp-json\/wp\/v2\/media?parent=332"}],"curies":[{"name":"wp","href":"https:\/\/api.w.org\/{rel}","templated":true}]}}